{"id":2168,"date":"2023-03-28T08:14:27","date_gmt":"2023-03-28T14:14:27","guid":{"rendered":"https:\/\/uigtsj.tribunalqro.gob.mx\/?page_id=2168"},"modified":"2024-12-05T09:50:57","modified_gmt":"2024-12-05T15:50:57","slug":"24-de-marzo-dia-internacional-del-derecho-a-la-verdad-en-relacion-con-violaciones-graves-de-los-derechos-humanos-y-la-dignidad-de-las-victimas","status":"publish","type":"page","link":"https:\/\/uigtsj.poderjudicialqro.gob.mx\/index.php\/24-de-marzo-dia-internacional-del-derecho-a-la-verdad-en-relacion-con-violaciones-graves-de-los-derechos-humanos-y-la-dignidad-de-las-victimas\/","title":{"rendered":"24 de marzo &#8211; D\u00eda Internacional del Derecho a la Verdad en Relaci\u00f3n con Violaciones Graves de los Derechos Humanos y la Dignidad de las V\u00edctimas"},"content":{"rendered":"\t\t<div data-elementor-type=\"wp-page\" data-elementor-id=\"2168\" class=\"elementor elementor-2168\">\n\t\t\t\t\t\t<section class=\"elementor-section elementor-top-section elementor-element elementor-element-d7f426c elementor-section-boxed elementor-section-height-default elementor-section-height-default\" data-id=\"d7f426c\" data-element_type=\"section\" data-e-type=\"section\">\n\t\t\t\t\t\t<div class=\"elementor-container elementor-column-gap-default\">\n\t\t\t\t\t<div class=\"elementor-column elementor-col-100 elementor-top-column elementor-element elementor-element-1c944b9\" data-id=\"1c944b9\" data-element_type=\"column\" data-e-type=\"column\">\n\t\t\t<div class=\"elementor-widget-wrap elementor-element-populated\">\n\t\t\t\t\t\t<div class=\"elementor-element elementor-element-fdd7626 elementor-widget elementor-widget-text-editor\" data-id=\"fdd7626\" data-element_type=\"widget\" data-e-type=\"widget\" data-widget_type=\"text-editor.default\">\n\t\t\t\t<div class=\"elementor-widget-container\">\n\t\t\t\t\t\t\t\t\t<p><a href=\"https:\/\/uigtsj.tribunalqro.gob.mx\/\">Inicio<\/a> \u00bb <strong style=\"color: #336633;\">Informaci\u00f3n<\/strong><\/p>\t\t\t\t\t\t\t\t<\/div>\n\t\t\t\t<\/div>\n\t\t\t\t\t<\/div>\n\t\t<\/div>\n\t\t\t\t\t<\/div>\n\t\t<\/section>\n\t\t\t\t<section class=\"elementor-section elementor-top-section elementor-element elementor-element-58bb3cb elementor-section-boxed elementor-section-height-default elementor-section-height-default\" data-id=\"58bb3cb\" data-element_type=\"section\" data-e-type=\"section\">\n\t\t\t\t\t\t<div class=\"elementor-container elementor-column-gap-default\">\n\t\t\t\t\t<div class=\"elementor-column elementor-col-100 elementor-top-column elementor-element elementor-element-42bb494\" data-id=\"42bb494\" data-element_type=\"column\" data-e-type=\"column\">\n\t\t\t<div class=\"elementor-widget-wrap elementor-element-populated\">\n\t\t\t\t\t\t<div class=\"elementor-element elementor-element-2f6dc58 elementor-widget elementor-widget-text-editor\" data-id=\"2f6dc58\" data-element_type=\"widget\" data-e-type=\"widget\" data-widget_type=\"text-editor.default\">\n\t\t\t\t<div class=\"elementor-widget-container\">\n\t\t\t\t\t\t\t\t\t<h1 style=\"font-style: normal;\"><span style=\"color: #604eff;\">24 de marzo \u2013 D\u00eda Internacional del Derecho a la Verdad en Relaci\u00f3n con Violaciones Graves de los Derechos Humanos y la Dignidad de las V\u00edctimas<\/span><\/h1>\t\t\t\t\t\t\t\t<\/div>\n\t\t\t\t<\/div>\n\t\t\t\t\t<\/div>\n\t\t<\/div>\n\t\t\t\t\t<\/div>\n\t\t<\/section>\n\t\t\t\t<section class=\"elementor-section elementor-top-section elementor-element elementor-element-f675020 elementor-section-boxed elementor-section-height-default elementor-section-height-default\" data-id=\"f675020\" data-element_type=\"section\" data-e-type=\"section\">\n\t\t\t\t\t\t<div class=\"elementor-container elementor-column-gap-default\">\n\t\t\t\t\t<div class=\"elementor-column elementor-col-100 elementor-top-column elementor-element elementor-element-7a8948f\" data-id=\"7a8948f\" data-element_type=\"column\" data-e-type=\"column\">\n\t\t\t<div class=\"elementor-widget-wrap elementor-element-populated\">\n\t\t\t\t\t\t<div class=\"elementor-element elementor-element-621892e elementor-widget elementor-widget-image\" data-id=\"621892e\" data-element_type=\"widget\" data-e-type=\"widget\" data-widget_type=\"image.default\">\n\t\t\t\t<div class=\"elementor-widget-container\">\n\t\t\t\t\t\t\t\t\t\t\t\t\t\t\t<img decoding=\"async\" src=\"https:\/\/uigtsj.poderjudicialqro.gob.mx\/wp-content\/uploads\/elementor\/thumbs\/DV-1-q46ltks4mqtumpg5fexw3rla0sqp2v81ni5fwaaf5s.png\" title=\"DV (1)\" alt=\"DV (1)\" loading=\"lazy\" \/>\t\t\t\t\t\t\t\t\t\t\t\t\t\t\t<\/div>\n\t\t\t\t<\/div>\n\t\t\t\t<div class=\"elementor-element elementor-element-2329e9d elementor-widget elementor-widget-image\" data-id=\"2329e9d\" data-element_type=\"widget\" data-e-type=\"widget\" data-widget_type=\"image.default\">\n\t\t\t\t<div class=\"elementor-widget-container\">\n\t\t\t\t\t\t\t\t\t\t\t\t\t\t\t<img decoding=\"async\" src=\"https:\/\/uigtsj.poderjudicialqro.gob.mx\/wp-content\/uploads\/elementor\/thumbs\/DV-2-q46ltojhe2yzx5aotgkedqn4ec85xnmz00rdte4ugw.png\" title=\"DV (2)\" alt=\"DV (2)\" loading=\"lazy\" \/>\t\t\t\t\t\t\t\t\t\t\t\t\t\t\t<\/div>\n\t\t\t\t<\/div>\n\t\t\t\t<div class=\"elementor-element elementor-element-326a01c elementor-widget elementor-widget-image\" data-id=\"326a01c\" data-element_type=\"widget\" data-e-type=\"widget\" data-widget_type=\"image.default\">\n\t\t\t\t<div class=\"elementor-widget-container\">\n\t\t\t\t\t\t\t\t\t\t\t\t\t\t\t<img decoding=\"async\" src=\"https:\/\/uigtsj.poderjudicialqro.gob.mx\/wp-content\/uploads\/elementor\/thumbs\/DV-3-q46ltsau5f457l587i6wnpoyrvpmsg1wcjdbqhz9s0.png\" title=\"DV (3)\" alt=\"DV (3)\" loading=\"lazy\" \/>\t\t\t\t\t\t\t\t\t\t\t\t\t\t\t<\/div>\n\t\t\t\t<\/div>\n\t\t\t\t<div class=\"elementor-element elementor-element-b278dc1 elementor-widget elementor-widget-image\" data-id=\"b278dc1\" data-element_type=\"widget\" data-e-type=\"widget\" data-widget_type=\"image.default\">\n\t\t\t\t<div class=\"elementor-widget-container\">\n\t\t\t\t\t\t\t\t\t\t\t\t\t\t\t<img decoding=\"async\" src=\"https:\/\/uigtsj.poderjudicialqro.gob.mx\/wp-content\/uploads\/elementor\/thumbs\/DV-4-q46ltv4cpx806f14r1esd6zck1bqfjd3cxbs6bv39c.png\" title=\"DV (4)\" alt=\"DV (4)\" loading=\"lazy\" \/>\t\t\t\t\t\t\t\t\t\t\t\t\t\t\t<\/div>\n\t\t\t\t<\/div>\n\t\t\t\t<div class=\"elementor-element elementor-element-476694f elementor-widget elementor-widget-image\" data-id=\"476694f\" data-element_type=\"widget\" data-e-type=\"widget\" data-widget_type=\"image.default\">\n\t\t\t\t<div class=\"elementor-widget-container\">\n\t\t\t\t\t\t\t\t\t\t\t\t\t\t\t<img decoding=\"async\" src=\"https:\/\/uigtsj.poderjudicialqro.gob.mx\/wp-content\/uploads\/elementor\/thumbs\/DV-5-q46ltxxvafbv58x1akmo2o9qc6xu2moadba8m5qwqo.png\" title=\"DV (5)\" alt=\"DV (5)\" loading=\"lazy\" \/>\t\t\t\t\t\t\t\t\t\t\t\t\t\t\t<\/div>\n\t\t\t\t<\/div>\n\t\t\t\t<div class=\"elementor-element elementor-element-6cf2a1c elementor-widget elementor-widget-image\" data-id=\"6cf2a1c\" data-element_type=\"widget\" data-e-type=\"widget\" data-widget_type=\"image.default\">\n\t\t\t\t<div class=\"elementor-widget-container\">\n\t\t\t\t\t\t\t\t\t\t\t\t\t\t\t<img decoding=\"async\" src=\"https:\/\/uigtsj.poderjudicialqro.gob.mx\/wp-content\/uploads\/elementor\/thumbs\/DV-6-q46lu0rduxfq42sxu3ujs5k44cjxppzhdp8p1zmq80.png\" title=\"DV (6)\" alt=\"DV (6)\" loading=\"lazy\" \/>\t\t\t\t\t\t\t\t\t\t\t\t\t\t\t<\/div>\n\t\t\t\t<\/div>\n\t\t\t\t<div class=\"elementor-element elementor-element-006485d elementor-widget elementor-widget-image\" data-id=\"006485d\" data-element_type=\"widget\" data-e-type=\"widget\" data-widget_type=\"image.default\">\n\t\t\t\t<div class=\"elementor-widget-container\">\n\t\t\t\t\t\t\t\t\t\t\t\t\t\t\t<img decoding=\"async\" src=\"https:\/\/uigtsj.poderjudicialqro.gob.mx\/wp-content\/uploads\/elementor\/thumbs\/DV-7-q46lu3kwffjl2woudn2fhmuhwi61ctaoe375htijpc.png\" title=\"DV (7)\" alt=\"DV (7)\" loading=\"lazy\" \/>\t\t\t\t\t\t\t\t\t\t\t\t\t\t\t<\/div>\n\t\t\t\t<\/div>\n\t\t\t\t<div class=\"elementor-element elementor-element-788489d elementor-widget elementor-widget-image\" data-id=\"788489d\" data-element_type=\"widget\" data-e-type=\"widget\" data-widget_type=\"image.default\">\n\t\t\t\t<div class=\"elementor-widget-container\">\n\t\t\t\t\t\t\t\t\t\t\t\t\t\t\t<img decoding=\"async\" src=\"https:\/\/uigtsj.poderjudicialqro.gob.mx\/wp-content\/uploads\/elementor\/thumbs\/DV-8-q46lu6eezxng1qkqx6ab744vons4zwlveh5lxned6o.png\" title=\"DV (8)\" alt=\"DV (8)\" loading=\"lazy\" \/>\t\t\t\t\t\t\t\t\t\t\t\t\t\t\t<\/div>\n\t\t\t\t<\/div>\n\t\t\t\t<div class=\"elementor-element elementor-element-2b3070a elementor-widget elementor-widget-image\" data-id=\"2b3070a\" data-element_type=\"widget\" data-e-type=\"widget\" data-widget_type=\"image.default\">\n\t\t\t\t<div class=\"elementor-widget-container\">\n\t\t\t\t\t\t\t\t\t\t\t\t\t\t\t<img decoding=\"async\" src=\"https:\/\/uigtsj.poderjudicialqro.gob.mx\/wp-content\/uploads\/elementor\/thumbs\/DV-9-q46lu97xkfrb0kgngpi6wlf9gte8mzx2ev42dha6o0.png\" title=\"DV (9)\" alt=\"DV (9)\" loading=\"lazy\" \/>\t\t\t\t\t\t\t\t\t\t\t\t\t\t\t<\/div>\n\t\t\t\t<\/div>\n\t\t\t\t<div class=\"elementor-element elementor-element-2336d5d elementor-widget elementor-widget-image\" data-id=\"2336d5d\" data-element_type=\"widget\" data-e-type=\"widget\" data-widget_type=\"image.default\">\n\t\t\t\t<div class=\"elementor-widget-container\">\n\t\t\t\t\t\t\t\t\t\t\t\t\t\t\t<img decoding=\"async\" src=\"https:\/\/uigtsj.poderjudicialqro.gob.mx\/wp-content\/uploads\/elementor\/thumbs\/DV-10-q46luc1g4xv5zeck08q2m2pn8z0ca389f92itb605c.png\" title=\"DV (10)\" alt=\"DV (10)\" loading=\"lazy\" \/>\t\t\t\t\t\t\t\t\t\t\t\t\t\t\t<\/div>\n\t\t\t\t<\/div>\n\t\t\t\t<div class=\"elementor-element elementor-element-efae5ff elementor-widget elementor-widget-image\" data-id=\"efae5ff\" data-element_type=\"widget\" data-e-type=\"widget\" data-widget_type=\"image.default\">\n\t\t\t\t<div class=\"elementor-widget-container\">\n\t\t\t\t\t\t\t\t\t\t\t\t\t\t\t<img decoding=\"async\" src=\"https:\/\/uigtsj.poderjudicialqro.gob.mx\/wp-content\/uploads\/elementor\/thumbs\/DV-11-q46lueuypfz0y88gjrxybk0114mfx6jgfn0z951tmo.png\" title=\"DV (11)\" alt=\"DV (11)\" loading=\"lazy\" \/>\t\t\t\t\t\t\t\t\t\t\t\t\t\t\t<\/div>\n\t\t\t\t<\/div>\n\t\t\t\t<div class=\"elementor-element elementor-element-56e2085 elementor-widget elementor-widget-image\" data-id=\"56e2085\" data-element_type=\"widget\" data-e-type=\"widget\" data-widget_type=\"image.default\">\n\t\t\t\t<div class=\"elementor-widget-container\">\n\t\t\t\t\t\t\t\t\t\t\t\t\t\t\t<img decoding=\"async\" src=\"https:\/\/uigtsj.poderjudicialqro.gob.mx\/wp-content\/uploads\/elementor\/thumbs\/DV-12-q46lugqn341llg5q8sr7gjiy7wd6ckqx3wby7oz1a8.png\" title=\"DV (12)\" alt=\"DV (12)\" loading=\"lazy\" \/>\t\t\t\t\t\t\t\t\t\t\t\t\t\t\t<\/div>\n\t\t\t\t<\/div>\n\t\t\t\t<div class=\"elementor-element elementor-element-94208e9 elementor-widget elementor-widget-image\" data-id=\"94208e9\" data-element_type=\"widget\" data-e-type=\"widget\" data-widget_type=\"image.default\">\n\t\t\t\t<div class=\"elementor-widget-container\">\n\t\t\t\t\t\t\t\t\t\t\t\t\t\t\t<img decoding=\"async\" src=\"https:\/\/uigtsj.poderjudicialqro.gob.mx\/wp-content\/uploads\/elementor\/thumbs\/DV-13-q46lujk5nm5gka1msbz360tc01z9zo244aaeniuurk.png\" title=\"DV (13)\" alt=\"DV (13)\" loading=\"lazy\" \/>\t\t\t\t\t\t\t\t\t\t\t\t\t\t\t<\/div>\n\t\t\t\t<\/div>\n\t\t\t\t\t<\/div>\n\t\t<\/div>\n\t\t\t\t\t<\/div>\n\t\t<\/section>\n\t\t\t\t<section class=\"elementor-section elementor-top-section elementor-element elementor-element-dde0220 elementor-section-boxed elementor-section-height-default elementor-section-height-default\" data-id=\"dde0220\" data-element_type=\"section\" data-e-type=\"section\">\n\t\t\t\t\t\t<div class=\"elementor-container elementor-column-gap-default\">\n\t\t\t\t\t<div class=\"elementor-column elementor-col-100 elementor-top-column elementor-element elementor-element-bda0bcc\" data-id=\"bda0bcc\" data-element_type=\"column\" data-e-type=\"column\">\n\t\t\t<div class=\"elementor-widget-wrap elementor-element-populated\">\n\t\t\t\t\t\t<div class=\"elementor-element elementor-element-45fdd9d elementor-widget elementor-widget-spacer\" data-id=\"45fdd9d\" data-element_type=\"widget\" data-e-type=\"widget\" data-widget_type=\"spacer.default\">\n\t\t\t\t<div class=\"elementor-widget-container\">\n\t\t\t\t\t\t\t<div class=\"elementor-spacer\">\n\t\t\t<div class=\"elementor-spacer-inner\"><\/div>\n\t\t<\/div>\n\t\t\t\t\t\t<\/div>\n\t\t\t\t<\/div>\n\t\t\t\t\t<\/div>\n\t\t<\/div>\n\t\t\t\t\t<\/div>\n\t\t<\/section>\n\t\t\t\t<section class=\"elementor-section elementor-top-section elementor-element elementor-element-7cf3b2e elementor-section-boxed elementor-section-height-default elementor-section-height-default\" data-id=\"7cf3b2e\" data-element_type=\"section\" data-e-type=\"section\">\n\t\t\t\t\t\t<div class=\"elementor-container elementor-column-gap-default\">\n\t\t\t\t\t<div class=\"elementor-column elementor-col-100 elementor-top-column elementor-element elementor-element-fb9a4e8\" data-id=\"fb9a4e8\" data-element_type=\"column\" data-e-type=\"column\">\n\t\t\t<div class=\"elementor-widget-wrap elementor-element-populated\">\n\t\t\t\t\t\t<div class=\"elementor-element elementor-element-11c7cb2 elementor-widget elementor-widget-spacer\" data-id=\"11c7cb2\" data-element_type=\"widget\" data-e-type=\"widget\" data-widget_type=\"spacer.default\">\n\t\t\t\t<div class=\"elementor-widget-container\">\n\t\t\t\t\t\t\t<div class=\"elementor-spacer\">\n\t\t\t<div class=\"elementor-spacer-inner\"><\/div>\n\t\t<\/div>\n\t\t\t\t\t\t<\/div>\n\t\t\t\t<\/div>\n\t\t\t\t\t<\/div>\n\t\t<\/div>\n\t\t\t\t\t<\/div>\n\t\t<\/section>\n\t\t\t\t<\/div>\n\t\t","protected":false},"excerpt":{"rendered":"<p>Inicio \u00bb Informaci\u00f3n 24 de marzo \u2013 D\u00eda Internacional del Derecho a la Verdad en Relaci\u00f3n con Violaciones Graves de los Derechos Humanos y la Dignidad de las V\u00edctimas<\/p>\n","protected":false},"author":1,"featured_media":0,"parent":0,"menu_order":0,"comment_status":"closed","ping_status":"closed","template":"elementor_header_footer","meta":{"footnotes":""},"class_list":["post-2168","page","type-page","status-publish"],"_links":{"self":[{"href":"https:\/\/uigtsj.poderjudicialqro.gob.mx\/index.php\/wp-json\/wp\/v2\/pages\/2168","targetHints":{"allow":["GET"]}}],"collection":[{"href":"https:\/\/uigtsj.poderjudicialqro.gob.mx\/index.php\/wp-json\/wp\/v2\/pages"}],"about":[{"href":"https:\/\/uigtsj.poderjudicialqro.gob.mx\/index.php\/wp-json\/wp\/v2\/types\/page"}],"author":[{"embeddable":true,"href":"https:\/\/uigtsj.poderjudicialqro.gob.mx\/index.php\/wp-json\/wp\/v2\/users\/1"}],"replies":[{"embeddable":true,"href":"https:\/\/uigtsj.poderjudicialqro.gob.mx\/index.php\/wp-json\/wp\/v2\/comments?post=2168"}],"version-history":[{"count":22,"href":"https:\/\/uigtsj.poderjudicialqro.gob.mx\/index.php\/wp-json\/wp\/v2\/pages\/2168\/revisions"}],"predecessor-version":[{"id":6335,"href":"https:\/\/uigtsj.poderjudicialqro.gob.mx\/index.php\/wp-json\/wp\/v2\/pages\/2168\/revisions\/6335"}],"wp:attachment":[{"href":"https:\/\/uigtsj.poderjudicialqro.gob.mx\/index.php\/wp-json\/wp\/v2\/media?parent=2168"}],"curies":[{"name":"wp","href":"https:\/\/api.w.org\/{rel}","templated":true}]}}