{"id":3408,"date":"2023-08-15T12:25:25","date_gmt":"2023-08-15T18:25:25","guid":{"rendered":"https:\/\/uigtsj.poderjudicialqro.gob.mx\/?page_id=3408"},"modified":"2025-02-19T14:29:23","modified_gmt":"2025-02-19T20:29:23","slug":"contenido-descargable","status":"publish","type":"page","link":"https:\/\/uigtsj.poderjudicialqro.gob.mx\/index.php\/contenido-descargable\/","title":{"rendered":"Contenido descargable"},"content":{"rendered":"\t\t<div data-elementor-type=\"wp-page\" data-elementor-id=\"3408\" class=\"elementor elementor-3408\">\n\t\t\t\t\t\t<section class=\"elementor-section elementor-top-section elementor-element elementor-element-d7f426c elementor-section-boxed elementor-section-height-default elementor-section-height-default\" data-id=\"d7f426c\" data-element_type=\"section\" data-e-type=\"section\">\n\t\t\t\t\t\t<div class=\"elementor-container elementor-column-gap-default\">\n\t\t\t\t\t<div class=\"elementor-column elementor-col-100 elementor-top-column elementor-element elementor-element-1c944b9\" data-id=\"1c944b9\" data-element_type=\"column\" data-e-type=\"column\">\n\t\t\t<div class=\"elementor-widget-wrap elementor-element-populated\">\n\t\t\t\t\t\t<div class=\"elementor-element elementor-element-fdd7626 elementor-widget elementor-widget-text-editor\" data-id=\"fdd7626\" data-element_type=\"widget\" data-e-type=\"widget\" data-widget_type=\"text-editor.default\">\n\t\t\t\t<div class=\"elementor-widget-container\">\n\t\t\t\t\t\t\t\t\t<p><a href=\"https:\/\/uigtsj.tribunalqro.gob.mx\/\">Inicio<\/a> \u00bb <strong style=\"color: #336633;\">Informaci\u00f3n<\/strong><\/p>\t\t\t\t\t\t\t\t<\/div>\n\t\t\t\t<\/div>\n\t\t\t\t\t<\/div>\n\t\t<\/div>\n\t\t\t\t\t<\/div>\n\t\t<\/section>\n\t\t\t\t<section class=\"elementor-section elementor-top-section elementor-element elementor-element-58bb3cb elementor-section-boxed elementor-section-height-default elementor-section-height-default\" data-id=\"58bb3cb\" data-element_type=\"section\" data-e-type=\"section\">\n\t\t\t\t\t\t<div class=\"elementor-container elementor-column-gap-default\">\n\t\t\t\t\t<div class=\"elementor-column elementor-col-100 elementor-top-column elementor-element elementor-element-42bb494\" data-id=\"42bb494\" data-element_type=\"column\" data-e-type=\"column\">\n\t\t\t<div class=\"elementor-widget-wrap elementor-element-populated\">\n\t\t\t\t\t\t<div class=\"elementor-element elementor-element-2f6dc58 elementor-widget elementor-widget-text-editor\" data-id=\"2f6dc58\" data-element_type=\"widget\" data-e-type=\"widget\" data-widget_type=\"text-editor.default\">\n\t\t\t\t<div class=\"elementor-widget-container\">\n\t\t\t\t\t\t\t\t\t<h1><span style=\"font-style: normal; color: #272282;\">Contenido descargable<\/span><\/h1>\t\t\t\t\t\t\t\t<\/div>\n\t\t\t\t<\/div>\n\t\t\t\t\t<\/div>\n\t\t<\/div>\n\t\t\t\t\t<\/div>\n\t\t<\/section>\n\t\t\t\t<section class=\"elementor-section elementor-top-section elementor-element elementor-element-be3e20c elementor-section-boxed elementor-section-height-default elementor-section-height-default\" data-id=\"be3e20c\" data-element_type=\"section\" data-e-type=\"section\">\n\t\t\t\t\t\t<div class=\"elementor-container elementor-column-gap-default\">\n\t\t\t\t\t<div class=\"elementor-column elementor-col-100 elementor-top-column elementor-element elementor-element-622d6e2\" data-id=\"622d6e2\" data-element_type=\"column\" data-e-type=\"column\">\n\t\t\t<div class=\"elementor-widget-wrap elementor-element-populated\">\n\t\t\t\t\t\t<div class=\"elementor-element elementor-element-d5a6db3 elementor-widget elementor-widget-text-editor\" data-id=\"d5a6db3\" data-element_type=\"widget\" data-e-type=\"widget\" data-widget_type=\"text-editor.default\">\n\t\t\t\t<div class=\"elementor-widget-container\">\n\t\t\t\t\t\t\t\t\t<h3>\u00a0 \u00a0 \u00a0 \u00a0 \u00a0\u00a0<a href=\"https:\/\/uigtsj.poderjudicialqro.gob.mx\/wp-content\/uploads\/2025\/02\/Version-Final_Guia-de-Prevencion-.pdf\" target=\"_blank\" rel=\"noopener\">Gu\u00eda de Prevenci\u00f3n de la Violencia contra las Mujeres del Poder Judicial del Estado de Quer\u00e9taro<\/a><\/h3><h3>\u00a0 \u00a0 \u00a0 \u00a0 \u00a0 <a href=\"https:\/\/uigtsj.poderjudicialqro.gob.mx\/wp-content\/uploads\/2023\/08\/GUIA-DEL-PROCEDIMIENTO-DE-JUSTICIA-PENAL-PARA-ADOLESCENTES-1.pdf\" target=\"_blank\" rel=\"noopener\">Gu\u00eda del procedimiento de Justicia Penal para Adolescentes del Poder Judicial del Estado de Quer\u00e9taro<\/a><\/h3><h3>\u00a0 \u00a0 \u00a0 \u00a0 \u00a0<a href=\"https:\/\/uigtsj.poderjudicialqro.gob.mx\/wp-content\/uploads\/2023\/03\/Derechos-de-las-Trabajadoras.pdf\" target=\"_blank\" rel=\"noopener\"> Derechos de los Trabajadores Dom\u00e9sticos<\/a><\/h3><h3>\u00a0 \u00a0 \u00a0 \u00a0 \u00a0 <a href=\"https:\/\/uigtsj.poderjudicialqro.gob.mx\/wp-content\/uploads\/2023\/12\/Guia-de-los-Derechos-de-las-Personas-con-VIHSIDA.pdf\" target=\"_blank\" rel=\"noopener\">Gu\u00eda de los Derechos de las Personas con VIHSIDA<\/a><\/h3><div>\u00a0<\/div>\t\t\t\t\t\t\t\t<\/div>\n\t\t\t\t<\/div>\n\t\t\t\t\t<\/div>\n\t\t<\/div>\n\t\t\t\t\t<\/div>\n\t\t<\/section>\n\t\t\t\t<section class=\"elementor-section elementor-top-section elementor-element elementor-element-a7efaaf elementor-section-boxed elementor-section-height-default elementor-section-height-default\" data-id=\"a7efaaf\" data-element_type=\"section\" data-e-type=\"section\">\n\t\t\t\t\t\t<div class=\"elementor-container elementor-column-gap-default\">\n\t\t\t\t\t<div class=\"elementor-column elementor-col-100 elementor-top-column elementor-element elementor-element-55d8a3e\" data-id=\"55d8a3e\" data-element_type=\"column\" data-e-type=\"column\">\n\t\t\t<div class=\"elementor-widget-wrap elementor-element-populated\">\n\t\t\t\t\t\t<div class=\"elementor-element elementor-element-42f13ca elementor-widget elementor-widget-spacer\" data-id=\"42f13ca\" data-element_type=\"widget\" data-e-type=\"widget\" data-widget_type=\"spacer.default\">\n\t\t\t\t<div class=\"elementor-widget-container\">\n\t\t\t\t\t\t\t<div class=\"elementor-spacer\">\n\t\t\t<div class=\"elementor-spacer-inner\"><\/div>\n\t\t<\/div>\n\t\t\t\t\t\t<\/div>\n\t\t\t\t<\/div>\n\t\t\t\t\t<\/div>\n\t\t<\/div>\n\t\t\t\t\t<\/div>\n\t\t<\/section>\n\t\t\t\t<section class=\"elementor-section elementor-top-section elementor-element elementor-element-8674025 elementor-section-boxed elementor-section-height-default elementor-section-height-default\" data-id=\"8674025\" data-element_type=\"section\" data-e-type=\"section\">\n\t\t\t\t\t\t<div class=\"elementor-container elementor-column-gap-default\">\n\t\t\t\t\t<div class=\"elementor-column elementor-col-100 elementor-top-column elementor-element elementor-element-c643861\" data-id=\"c643861\" data-element_type=\"column\" data-e-type=\"column\">\n\t\t\t<div class=\"elementor-widget-wrap\">\n\t\t\t\t\t\t\t<\/div>\n\t\t<\/div>\n\t\t\t\t\t<\/div>\n\t\t<\/section>\n\t\t\t\t<\/div>\n\t\t","protected":false},"excerpt":{"rendered":"<p>Inicio \u00bb Informaci\u00f3n Contenido descargable \u00a0 \u00a0 \u00a0 \u00a0 \u00a0\u00a0Gu\u00eda de Prevenci\u00f3n de la Violencia contra las Mujeres del Poder Judicial del Estado de Quer\u00e9taro \u00a0 \u00a0 \u00a0 \u00a0 \u00a0 Gu\u00eda del procedimiento de Justicia Penal para Adolescentes del Poder Judicial del Estado de Quer\u00e9taro \u00a0 \u00a0 \u00a0 \u00a0 \u00a0 Derechos de los Trabajadores Dom\u00e9sticos &#8230; <a title=\"Contenido descargable\" class=\"read-more\" href=\"https:\/\/uigtsj.poderjudicialqro.gob.mx\/index.php\/contenido-descargable\/\" aria-label=\"Leer m\u00e1s sobre Contenido descargable\">Leer m\u00e1s<\/a><\/p>\n","protected":false},"author":1,"featured_media":0,"parent":0,"menu_order":0,"comment_status":"closed","ping_status":"closed","template":"elementor_header_footer","meta":{"footnotes":""},"class_list":["post-3408","page","type-page","status-publish"],"_links":{"self":[{"href":"https:\/\/uigtsj.poderjudicialqro.gob.mx\/index.php\/wp-json\/wp\/v2\/pages\/3408","targetHints":{"allow":["GET"]}}],"collection":[{"href":"https:\/\/uigtsj.poderjudicialqro.gob.mx\/index.php\/wp-json\/wp\/v2\/pages"}],"about":[{"href":"https:\/\/uigtsj.poderjudicialqro.gob.mx\/index.php\/wp-json\/wp\/v2\/types\/page"}],"author":[{"embeddable":true,"href":"https:\/\/uigtsj.poderjudicialqro.gob.mx\/index.php\/wp-json\/wp\/v2\/users\/1"}],"replies":[{"embeddable":true,"href":"https:\/\/uigtsj.poderjudicialqro.gob.mx\/index.php\/wp-json\/wp\/v2\/comments?post=3408"}],"version-history":[{"count":16,"href":"https:\/\/uigtsj.poderjudicialqro.gob.mx\/index.php\/wp-json\/wp\/v2\/pages\/3408\/revisions"}],"predecessor-version":[{"id":6483,"href":"https:\/\/uigtsj.poderjudicialqro.gob.mx\/index.php\/wp-json\/wp\/v2\/pages\/3408\/revisions\/6483"}],"wp:attachment":[{"href":"https:\/\/uigtsj.poderjudicialqro.gob.mx\/index.php\/wp-json\/wp\/v2\/media?parent=3408"}],"curies":[{"name":"wp","href":"https:\/\/api.w.org\/{rel}","templated":true}]}}