{"id":3779,"date":"2023-09-18T10:04:33","date_gmt":"2023-09-18T16:04:33","guid":{"rendered":"https:\/\/uigtsj.poderjudicialqro.gob.mx\/?page_id=3779"},"modified":"2024-12-05T08:52:17","modified_gmt":"2024-12-05T14:52:17","slug":"16-de-septiembre-dia-de-la-independencia-de-mexico","status":"publish","type":"page","link":"https:\/\/uigtsj.poderjudicialqro.gob.mx\/index.php\/16-de-septiembre-dia-de-la-independencia-de-mexico\/","title":{"rendered":"16 de septiembre- D\u00eda de la Independencia de M\u00e9xico"},"content":{"rendered":"\t\t<div data-elementor-type=\"wp-page\" data-elementor-id=\"3779\" class=\"elementor elementor-3779\">\n\t\t\t\t\t\t<section class=\"elementor-section elementor-top-section elementor-element elementor-element-d7f426c elementor-section-boxed elementor-section-height-default elementor-section-height-default\" data-id=\"d7f426c\" data-element_type=\"section\" data-e-type=\"section\">\n\t\t\t\t\t\t<div class=\"elementor-container elementor-column-gap-default\">\n\t\t\t\t\t<div class=\"elementor-column elementor-col-100 elementor-top-column elementor-element elementor-element-1c944b9\" data-id=\"1c944b9\" data-element_type=\"column\" data-e-type=\"column\">\n\t\t\t<div class=\"elementor-widget-wrap elementor-element-populated\">\n\t\t\t\t\t\t<div class=\"elementor-element elementor-element-fdd7626 elementor-widget elementor-widget-text-editor\" data-id=\"fdd7626\" data-element_type=\"widget\" data-e-type=\"widget\" data-widget_type=\"text-editor.default\">\n\t\t\t\t<div class=\"elementor-widget-container\">\n\t\t\t\t\t\t\t\t\t<p><a href=\"https:\/\/uigtsj.tribunalqro.gob.mx\/\">Inicio<\/a> \u00bb <strong style=\"color: #336633;\">Informaci\u00f3n<\/strong><\/p>\t\t\t\t\t\t\t\t<\/div>\n\t\t\t\t<\/div>\n\t\t\t\t\t<\/div>\n\t\t<\/div>\n\t\t\t\t\t<\/div>\n\t\t<\/section>\n\t\t\t\t<section class=\"elementor-section elementor-top-section elementor-element elementor-element-58bb3cb elementor-section-boxed elementor-section-height-default elementor-section-height-default\" data-id=\"58bb3cb\" data-element_type=\"section\" data-e-type=\"section\">\n\t\t\t\t\t\t<div class=\"elementor-container elementor-column-gap-default\">\n\t\t\t\t\t<div class=\"elementor-column elementor-col-100 elementor-top-column elementor-element elementor-element-42bb494\" data-id=\"42bb494\" data-element_type=\"column\" data-e-type=\"column\">\n\t\t\t<div class=\"elementor-widget-wrap elementor-element-populated\">\n\t\t\t\t\t\t<div class=\"elementor-element elementor-element-2f6dc58 elementor-widget elementor-widget-text-editor\" data-id=\"2f6dc58\" data-element_type=\"widget\" data-e-type=\"widget\" data-widget_type=\"text-editor.default\">\n\t\t\t\t<div class=\"elementor-widget-container\">\n\t\t\t\t\t\t\t\t\t<h1><span style=\"font-style: normal; color: #604eff;\">16 de septiembre- D\u00eda de la Independencia de M\u00e9xico<\/span><\/h1>\t\t\t\t\t\t\t\t<\/div>\n\t\t\t\t<\/div>\n\t\t\t\t\t<\/div>\n\t\t<\/div>\n\t\t\t\t\t<\/div>\n\t\t<\/section>\n\t\t\t\t<section class=\"elementor-section elementor-top-section elementor-element elementor-element-f675020 elementor-section-boxed elementor-section-height-default elementor-section-height-default\" data-id=\"f675020\" data-element_type=\"section\" data-e-type=\"section\">\n\t\t\t\t\t\t<div class=\"elementor-container elementor-column-gap-default\">\n\t\t\t\t\t<div class=\"elementor-column elementor-col-100 elementor-top-column elementor-element elementor-element-7a8948f\" data-id=\"7a8948f\" data-element_type=\"column\" data-e-type=\"column\">\n\t\t\t<div class=\"elementor-widget-wrap elementor-element-populated\">\n\t\t\t\t\t\t<div class=\"elementor-element elementor-element-621892e elementor-widget elementor-widget-image\" data-id=\"621892e\" data-element_type=\"widget\" data-e-type=\"widget\" data-widget_type=\"image.default\">\n\t\t\t\t<div class=\"elementor-widget-container\">\n\t\t\t\t\t\t\t\t\t\t\t\t\t\t\t<img fetchpriority=\"high\" decoding=\"async\" width=\"768\" height=\"768\" src=\"https:\/\/uigtsj.poderjudicialqro.gob.mx\/wp-content\/uploads\/2023\/09\/DIM-1-768x768.png\" class=\"attachment-medium_large size-medium_large wp-image-3781\" alt=\"\" srcset=\"https:\/\/uigtsj.poderjudicialqro.gob.mx\/wp-content\/uploads\/2023\/09\/DIM-1-768x768.png 768w, https:\/\/uigtsj.poderjudicialqro.gob.mx\/wp-content\/uploads\/2023\/09\/DIM-1-300x300.png 300w, https:\/\/uigtsj.poderjudicialqro.gob.mx\/wp-content\/uploads\/2023\/09\/DIM-1-1024x1024.png 1024w, https:\/\/uigtsj.poderjudicialqro.gob.mx\/wp-content\/uploads\/2023\/09\/DIM-1-150x150.png 150w, https:\/\/uigtsj.poderjudicialqro.gob.mx\/wp-content\/uploads\/2023\/09\/DIM-1.png 1080w\" sizes=\"(max-width: 768px) 100vw, 768px\" \/>\t\t\t\t\t\t\t\t\t\t\t\t\t\t\t<\/div>\n\t\t\t\t<\/div>\n\t\t\t\t<div class=\"elementor-element elementor-element-50c6f02 elementor-widget elementor-widget-image\" data-id=\"50c6f02\" data-element_type=\"widget\" data-e-type=\"widget\" data-widget_type=\"image.default\">\n\t\t\t\t<div class=\"elementor-widget-container\">\n\t\t\t\t\t\t\t\t\t\t\t\t\t\t\t<img decoding=\"async\" width=\"768\" height=\"768\" src=\"https:\/\/uigtsj.poderjudicialqro.gob.mx\/wp-content\/uploads\/2023\/09\/DIM-2-768x768.png\" class=\"attachment-medium_large size-medium_large wp-image-3782\" alt=\"\" srcset=\"https:\/\/uigtsj.poderjudicialqro.gob.mx\/wp-content\/uploads\/2023\/09\/DIM-2-768x768.png 768w, https:\/\/uigtsj.poderjudicialqro.gob.mx\/wp-content\/uploads\/2023\/09\/DIM-2-300x300.png 300w, https:\/\/uigtsj.poderjudicialqro.gob.mx\/wp-content\/uploads\/2023\/09\/DIM-2-1024x1024.png 1024w, https:\/\/uigtsj.poderjudicialqro.gob.mx\/wp-content\/uploads\/2023\/09\/DIM-2-150x150.png 150w, https:\/\/uigtsj.poderjudicialqro.gob.mx\/wp-content\/uploads\/2023\/09\/DIM-2.png 1080w\" sizes=\"(max-width: 768px) 100vw, 768px\" \/>\t\t\t\t\t\t\t\t\t\t\t\t\t\t\t<\/div>\n\t\t\t\t<\/div>\n\t\t\t\t<div class=\"elementor-element elementor-element-ba77e1f elementor-widget elementor-widget-image\" data-id=\"ba77e1f\" data-element_type=\"widget\" data-e-type=\"widget\" data-widget_type=\"image.default\">\n\t\t\t\t<div class=\"elementor-widget-container\">\n\t\t\t\t\t\t\t\t\t\t\t\t\t\t\t<img decoding=\"async\" width=\"768\" height=\"768\" src=\"https:\/\/uigtsj.poderjudicialqro.gob.mx\/wp-content\/uploads\/2023\/09\/DIM-3-768x768.png\" class=\"attachment-medium_large size-medium_large wp-image-3783\" alt=\"\" srcset=\"https:\/\/uigtsj.poderjudicialqro.gob.mx\/wp-content\/uploads\/2023\/09\/DIM-3-768x768.png 768w, https:\/\/uigtsj.poderjudicialqro.gob.mx\/wp-content\/uploads\/2023\/09\/DIM-3-300x300.png 300w, https:\/\/uigtsj.poderjudicialqro.gob.mx\/wp-content\/uploads\/2023\/09\/DIM-3-1024x1024.png 1024w, https:\/\/uigtsj.poderjudicialqro.gob.mx\/wp-content\/uploads\/2023\/09\/DIM-3-150x150.png 150w, https:\/\/uigtsj.poderjudicialqro.gob.mx\/wp-content\/uploads\/2023\/09\/DIM-3.png 1080w\" sizes=\"(max-width: 768px) 100vw, 768px\" \/>\t\t\t\t\t\t\t\t\t\t\t\t\t\t\t<\/div>\n\t\t\t\t<\/div>\n\t\t\t\t<div class=\"elementor-element elementor-element-4229aca elementor-widget elementor-widget-image\" data-id=\"4229aca\" data-element_type=\"widget\" data-e-type=\"widget\" data-widget_type=\"image.default\">\n\t\t\t\t<div class=\"elementor-widget-container\">\n\t\t\t\t\t\t\t\t\t\t\t\t\t\t\t<img loading=\"lazy\" decoding=\"async\" width=\"768\" height=\"768\" src=\"https:\/\/uigtsj.poderjudicialqro.gob.mx\/wp-content\/uploads\/2023\/09\/DIM-4-768x768.png\" class=\"attachment-medium_large size-medium_large wp-image-3784\" alt=\"\" srcset=\"https:\/\/uigtsj.poderjudicialqro.gob.mx\/wp-content\/uploads\/2023\/09\/DIM-4-768x768.png 768w, https:\/\/uigtsj.poderjudicialqro.gob.mx\/wp-content\/uploads\/2023\/09\/DIM-4-300x300.png 300w, https:\/\/uigtsj.poderjudicialqro.gob.mx\/wp-content\/uploads\/2023\/09\/DIM-4-1024x1024.png 1024w, https:\/\/uigtsj.poderjudicialqro.gob.mx\/wp-content\/uploads\/2023\/09\/DIM-4-150x150.png 150w, https:\/\/uigtsj.poderjudicialqro.gob.mx\/wp-content\/uploads\/2023\/09\/DIM-4.png 1080w\" sizes=\"(max-width: 768px) 100vw, 768px\" \/>\t\t\t\t\t\t\t\t\t\t\t\t\t\t\t<\/div>\n\t\t\t\t<\/div>\n\t\t\t\t<div class=\"elementor-element elementor-element-8bd6c52 elementor-widget elementor-widget-image\" data-id=\"8bd6c52\" data-element_type=\"widget\" data-e-type=\"widget\" data-widget_type=\"image.default\">\n\t\t\t\t<div class=\"elementor-widget-container\">\n\t\t\t\t\t\t\t\t\t\t\t\t\t\t\t<img loading=\"lazy\" decoding=\"async\" width=\"768\" height=\"768\" src=\"https:\/\/uigtsj.poderjudicialqro.gob.mx\/wp-content\/uploads\/2023\/09\/DIM-5-768x768.png\" class=\"attachment-medium_large size-medium_large wp-image-3785\" alt=\"\" srcset=\"https:\/\/uigtsj.poderjudicialqro.gob.mx\/wp-content\/uploads\/2023\/09\/DIM-5-768x768.png 768w, https:\/\/uigtsj.poderjudicialqro.gob.mx\/wp-content\/uploads\/2023\/09\/DIM-5-300x300.png 300w, https:\/\/uigtsj.poderjudicialqro.gob.mx\/wp-content\/uploads\/2023\/09\/DIM-5-1024x1024.png 1024w, https:\/\/uigtsj.poderjudicialqro.gob.mx\/wp-content\/uploads\/2023\/09\/DIM-5-150x150.png 150w, https:\/\/uigtsj.poderjudicialqro.gob.mx\/wp-content\/uploads\/2023\/09\/DIM-5.png 1080w\" sizes=\"(max-width: 768px) 100vw, 768px\" \/>\t\t\t\t\t\t\t\t\t\t\t\t\t\t\t<\/div>\n\t\t\t\t<\/div>\n\t\t\t\t<div class=\"elementor-element elementor-element-6734eaf elementor-widget elementor-widget-image\" data-id=\"6734eaf\" data-element_type=\"widget\" data-e-type=\"widget\" data-widget_type=\"image.default\">\n\t\t\t\t<div class=\"elementor-widget-container\">\n\t\t\t\t\t\t\t\t\t\t\t\t\t\t\t<img loading=\"lazy\" decoding=\"async\" width=\"768\" height=\"768\" src=\"https:\/\/uigtsj.poderjudicialqro.gob.mx\/wp-content\/uploads\/2023\/09\/DIM-6-768x768.png\" class=\"attachment-medium_large size-medium_large wp-image-3786\" alt=\"\" srcset=\"https:\/\/uigtsj.poderjudicialqro.gob.mx\/wp-content\/uploads\/2023\/09\/DIM-6-768x768.png 768w, https:\/\/uigtsj.poderjudicialqro.gob.mx\/wp-content\/uploads\/2023\/09\/DIM-6-300x300.png 300w, https:\/\/uigtsj.poderjudicialqro.gob.mx\/wp-content\/uploads\/2023\/09\/DIM-6-1024x1024.png 1024w, https:\/\/uigtsj.poderjudicialqro.gob.mx\/wp-content\/uploads\/2023\/09\/DIM-6-150x150.png 150w, https:\/\/uigtsj.poderjudicialqro.gob.mx\/wp-content\/uploads\/2023\/09\/DIM-6.png 1080w\" sizes=\"(max-width: 768px) 100vw, 768px\" \/>\t\t\t\t\t\t\t\t\t\t\t\t\t\t\t<\/div>\n\t\t\t\t<\/div>\n\t\t\t\t<div class=\"elementor-element elementor-element-3be801b elementor-widget elementor-widget-image\" data-id=\"3be801b\" data-element_type=\"widget\" data-e-type=\"widget\" data-widget_type=\"image.default\">\n\t\t\t\t<div class=\"elementor-widget-container\">\n\t\t\t\t\t\t\t\t\t\t\t\t\t\t\t<img loading=\"lazy\" decoding=\"async\" width=\"768\" height=\"768\" src=\"https:\/\/uigtsj.poderjudicialqro.gob.mx\/wp-content\/uploads\/2023\/09\/DIM-7-768x768.png\" class=\"attachment-medium_large size-medium_large wp-image-3787\" alt=\"\" srcset=\"https:\/\/uigtsj.poderjudicialqro.gob.mx\/wp-content\/uploads\/2023\/09\/DIM-7-768x768.png 768w, https:\/\/uigtsj.poderjudicialqro.gob.mx\/wp-content\/uploads\/2023\/09\/DIM-7-300x300.png 300w, https:\/\/uigtsj.poderjudicialqro.gob.mx\/wp-content\/uploads\/2023\/09\/DIM-7-1024x1024.png 1024w, https:\/\/uigtsj.poderjudicialqro.gob.mx\/wp-content\/uploads\/2023\/09\/DIM-7-150x150.png 150w, https:\/\/uigtsj.poderjudicialqro.gob.mx\/wp-content\/uploads\/2023\/09\/DIM-7.png 1080w\" sizes=\"(max-width: 768px) 100vw, 768px\" \/>\t\t\t\t\t\t\t\t\t\t\t\t\t\t\t<\/div>\n\t\t\t\t<\/div>\n\t\t\t\t<div class=\"elementor-element elementor-element-8a0bc42 elementor-widget elementor-widget-image\" data-id=\"8a0bc42\" data-element_type=\"widget\" data-e-type=\"widget\" data-widget_type=\"image.default\">\n\t\t\t\t<div class=\"elementor-widget-container\">\n\t\t\t\t\t\t\t\t\t\t\t\t\t\t\t<img loading=\"lazy\" decoding=\"async\" width=\"768\" height=\"768\" src=\"https:\/\/uigtsj.poderjudicialqro.gob.mx\/wp-content\/uploads\/2023\/09\/DIM-8-768x768.png\" class=\"attachment-medium_large size-medium_large wp-image-3788\" alt=\"\" srcset=\"https:\/\/uigtsj.poderjudicialqro.gob.mx\/wp-content\/uploads\/2023\/09\/DIM-8-768x768.png 768w, https:\/\/uigtsj.poderjudicialqro.gob.mx\/wp-content\/uploads\/2023\/09\/DIM-8-300x300.png 300w, https:\/\/uigtsj.poderjudicialqro.gob.mx\/wp-content\/uploads\/2023\/09\/DIM-8-1024x1024.png 1024w, https:\/\/uigtsj.poderjudicialqro.gob.mx\/wp-content\/uploads\/2023\/09\/DIM-8-150x150.png 150w, https:\/\/uigtsj.poderjudicialqro.gob.mx\/wp-content\/uploads\/2023\/09\/DIM-8.png 1080w\" sizes=\"(max-width: 768px) 100vw, 768px\" \/>\t\t\t\t\t\t\t\t\t\t\t\t\t\t\t<\/div>\n\t\t\t\t<\/div>\n\t\t\t\t\t<\/div>\n\t\t<\/div>\n\t\t\t\t\t<\/div>\n\t\t<\/section>\n\t\t\t\t<section class=\"elementor-section elementor-top-section elementor-element elementor-element-7cf3b2e elementor-section-boxed elementor-section-height-default elementor-section-height-default\" data-id=\"7cf3b2e\" data-element_type=\"section\" data-e-type=\"section\">\n\t\t\t\t\t\t<div class=\"elementor-container elementor-column-gap-default\">\n\t\t\t\t\t<div class=\"elementor-column elementor-col-100 elementor-top-column elementor-element elementor-element-fb9a4e8\" data-id=\"fb9a4e8\" data-element_type=\"column\" data-e-type=\"column\">\n\t\t\t<div class=\"elementor-widget-wrap elementor-element-populated\">\n\t\t\t\t\t\t<div class=\"elementor-element elementor-element-11c7cb2 elementor-widget elementor-widget-spacer\" data-id=\"11c7cb2\" data-element_type=\"widget\" data-e-type=\"widget\" data-widget_type=\"spacer.default\">\n\t\t\t\t<div class=\"elementor-widget-container\">\n\t\t\t\t\t\t\t<div class=\"elementor-spacer\">\n\t\t\t<div class=\"elementor-spacer-inner\"><\/div>\n\t\t<\/div>\n\t\t\t\t\t\t<\/div>\n\t\t\t\t<\/div>\n\t\t\t\t<div class=\"elementor-element elementor-element-4a1c751 elementor-widget elementor-widget-image\" data-id=\"4a1c751\" data-element_type=\"widget\" data-e-type=\"widget\" data-widget_type=\"image.default\">\n\t\t\t\t<div class=\"elementor-widget-container\">\n\t\t\t\t\t\t\t\t\t\t\t\t\t\t\t<img loading=\"lazy\" decoding=\"async\" width=\"768\" height=\"768\" src=\"https:\/\/uigtsj.poderjudicialqro.gob.mx\/wp-content\/uploads\/2023\/09\/DIM-9-768x768.png\" class=\"attachment-medium_large size-medium_large wp-image-3789\" alt=\"\" srcset=\"https:\/\/uigtsj.poderjudicialqro.gob.mx\/wp-content\/uploads\/2023\/09\/DIM-9-768x768.png 768w, https:\/\/uigtsj.poderjudicialqro.gob.mx\/wp-content\/uploads\/2023\/09\/DIM-9-300x300.png 300w, https:\/\/uigtsj.poderjudicialqro.gob.mx\/wp-content\/uploads\/2023\/09\/DIM-9-1024x1024.png 1024w, https:\/\/uigtsj.poderjudicialqro.gob.mx\/wp-content\/uploads\/2023\/09\/DIM-9-150x150.png 150w, https:\/\/uigtsj.poderjudicialqro.gob.mx\/wp-content\/uploads\/2023\/09\/DIM-9.png 1080w\" sizes=\"(max-width: 768px) 100vw, 768px\" \/>\t\t\t\t\t\t\t\t\t\t\t\t\t\t\t<\/div>\n\t\t\t\t<\/div>\n\t\t\t\t\t<\/div>\n\t\t<\/div>\n\t\t\t\t\t<\/div>\n\t\t<\/section>\n\t\t\t\t<\/div>\n\t\t","protected":false},"excerpt":{"rendered":"<p>Inicio \u00bb Informaci\u00f3n 16 de septiembre- D\u00eda de la Independencia de M\u00e9xico<\/p>\n","protected":false},"author":1,"featured_media":0,"parent":0,"menu_order":0,"comment_status":"closed","ping_status":"closed","template":"elementor_header_footer","meta":{"footnotes":""},"class_list":["post-3779","page","type-page","status-publish"],"_links":{"self":[{"href":"https:\/\/uigtsj.poderjudicialqro.gob.mx\/index.php\/wp-json\/wp\/v2\/pages\/3779","targetHints":{"allow":["GET"]}}],"collection":[{"href":"https:\/\/uigtsj.poderjudicialqro.gob.mx\/index.php\/wp-json\/wp\/v2\/pages"}],"about":[{"href":"https:\/\/uigtsj.poderjudicialqro.gob.mx\/index.php\/wp-json\/wp\/v2\/types\/page"}],"author":[{"embeddable":true,"href":"https:\/\/uigtsj.poderjudicialqro.gob.mx\/index.php\/wp-json\/wp\/v2\/users\/1"}],"replies":[{"embeddable":true,"href":"https:\/\/uigtsj.poderjudicialqro.gob.mx\/index.php\/wp-json\/wp\/v2\/comments?post=3779"}],"version-history":[{"count":8,"href":"https:\/\/uigtsj.poderjudicialqro.gob.mx\/index.php\/wp-json\/wp\/v2\/pages\/3779\/revisions"}],"predecessor-version":[{"id":6206,"href":"https:\/\/uigtsj.poderjudicialqro.gob.mx\/index.php\/wp-json\/wp\/v2\/pages\/3779\/revisions\/6206"}],"wp:attachment":[{"href":"https:\/\/uigtsj.poderjudicialqro.gob.mx\/index.php\/wp-json\/wp\/v2\/media?parent=3779"}],"curies":[{"name":"wp","href":"https:\/\/api.w.org\/{rel}","templated":true}]}}