{"id":4311,"date":"2023-11-21T11:09:50","date_gmt":"2023-11-21T17:09:50","guid":{"rendered":"https:\/\/uigtsj.poderjudicialqro.gob.mx\/?page_id=4311"},"modified":"2024-12-05T08:20:39","modified_gmt":"2024-12-05T14:20:39","slug":"18-de-noviembre-dia-mundial-para-prevenir-la-trata-explotacion-los-abusos-y-la-violencia-sexuales-contra-los-ninos-y-promover-la-sanacion","status":"publish","type":"page","link":"https:\/\/uigtsj.poderjudicialqro.gob.mx\/index.php\/18-de-noviembre-dia-mundial-para-prevenir-la-trata-explotacion-los-abusos-y-la-violencia-sexuales-contra-los-ninos-y-promover-la-sanacion\/","title":{"rendered":"18 de noviembre- D\u00eda Mundial para Prevenir la Trata, Explotaci\u00f3n, los Abusos y la Violencia Sexuales contra los Ni\u00f1os y Promover la Sanaci\u00f3n"},"content":{"rendered":"\t\t<div data-elementor-type=\"wp-page\" data-elementor-id=\"4311\" class=\"elementor elementor-4311\">\n\t\t\t\t\t\t<section class=\"elementor-section elementor-top-section elementor-element elementor-element-d7f426c elementor-section-boxed elementor-section-height-default elementor-section-height-default\" data-id=\"d7f426c\" data-element_type=\"section\" data-e-type=\"section\">\n\t\t\t\t\t\t<div class=\"elementor-container elementor-column-gap-default\">\n\t\t\t\t\t<div class=\"elementor-column elementor-col-100 elementor-top-column elementor-element elementor-element-1c944b9\" data-id=\"1c944b9\" data-element_type=\"column\" data-e-type=\"column\">\n\t\t\t<div class=\"elementor-widget-wrap elementor-element-populated\">\n\t\t\t\t\t\t<div class=\"elementor-element elementor-element-fdd7626 elementor-widget elementor-widget-text-editor\" data-id=\"fdd7626\" data-element_type=\"widget\" data-e-type=\"widget\" data-widget_type=\"text-editor.default\">\n\t\t\t\t<div class=\"elementor-widget-container\">\n\t\t\t\t\t\t\t\t\t<p><a href=\"https:\/\/uigtsj.tribunalqro.gob.mx\/\">Inicio<\/a> \u00bb <strong style=\"color: #336633;\">Informaci\u00f3n<\/strong><\/p>\t\t\t\t\t\t\t\t<\/div>\n\t\t\t\t<\/div>\n\t\t\t\t\t<\/div>\n\t\t<\/div>\n\t\t\t\t\t<\/div>\n\t\t<\/section>\n\t\t\t\t<section class=\"elementor-section elementor-top-section elementor-element elementor-element-58bb3cb elementor-section-boxed elementor-section-height-default elementor-section-height-default\" data-id=\"58bb3cb\" data-element_type=\"section\" data-e-type=\"section\">\n\t\t\t\t\t\t<div class=\"elementor-container elementor-column-gap-default\">\n\t\t\t\t\t<div class=\"elementor-column elementor-col-100 elementor-top-column elementor-element elementor-element-42bb494\" data-id=\"42bb494\" data-element_type=\"column\" data-e-type=\"column\">\n\t\t\t<div class=\"elementor-widget-wrap elementor-element-populated\">\n\t\t\t\t\t\t<div class=\"elementor-element elementor-element-2f6dc58 elementor-widget elementor-widget-text-editor\" data-id=\"2f6dc58\" data-element_type=\"widget\" data-e-type=\"widget\" data-widget_type=\"text-editor.default\">\n\t\t\t\t<div class=\"elementor-widget-container\">\n\t\t\t\t\t\t\t\t\t<h1><span style=\"font-style: normal; color: #604eff;\">18 de noviembre &#8211; D\u00eda Mundial para Prevenir la Trata, Explotaci\u00f3n, los Abusos y la Violencia Sexuales contra los Ni\u00f1os y Promover la Sanaci\u00f3n<\/span><\/h1>\t\t\t\t\t\t\t\t<\/div>\n\t\t\t\t<\/div>\n\t\t\t\t\t<\/div>\n\t\t<\/div>\n\t\t\t\t\t<\/div>\n\t\t<\/section>\n\t\t\t\t<section class=\"elementor-section elementor-top-section elementor-element elementor-element-f675020 elementor-section-boxed elementor-section-height-default elementor-section-height-default\" data-id=\"f675020\" data-element_type=\"section\" data-e-type=\"section\">\n\t\t\t\t\t\t<div class=\"elementor-container elementor-column-gap-default\">\n\t\t\t\t\t<div class=\"elementor-column elementor-col-100 elementor-top-column elementor-element elementor-element-7a8948f\" data-id=\"7a8948f\" data-element_type=\"column\" data-e-type=\"column\">\n\t\t\t<div class=\"elementor-widget-wrap elementor-element-populated\">\n\t\t\t\t\t\t<div class=\"elementor-element elementor-element-621892e elementor-widget elementor-widget-image\" data-id=\"621892e\" data-element_type=\"widget\" data-e-type=\"widget\" data-widget_type=\"image.default\">\n\t\t\t\t<div class=\"elementor-widget-container\">\n\t\t\t\t\t\t\t\t\t\t\t\t\t\t\t<img fetchpriority=\"high\" decoding=\"async\" width=\"768\" height=\"1365\" src=\"https:\/\/uigtsj.poderjudicialqro.gob.mx\/wp-content\/uploads\/2023\/11\/DMTP-1-768x1365.png\" class=\"attachment-medium_large size-medium_large wp-image-4313\" alt=\"\" srcset=\"https:\/\/uigtsj.poderjudicialqro.gob.mx\/wp-content\/uploads\/2023\/11\/DMTP-1-768x1365.png 768w, https:\/\/uigtsj.poderjudicialqro.gob.mx\/wp-content\/uploads\/2023\/11\/DMTP-1-169x300.png 169w, https:\/\/uigtsj.poderjudicialqro.gob.mx\/wp-content\/uploads\/2023\/11\/DMTP-1-576x1024.png 576w, https:\/\/uigtsj.poderjudicialqro.gob.mx\/wp-content\/uploads\/2023\/11\/DMTP-1-864x1536.png 864w, https:\/\/uigtsj.poderjudicialqro.gob.mx\/wp-content\/uploads\/2023\/11\/DMTP-1.png 1080w\" sizes=\"(max-width: 768px) 100vw, 768px\" \/>\t\t\t\t\t\t\t\t\t\t\t\t\t\t\t<\/div>\n\t\t\t\t<\/div>\n\t\t\t\t<div class=\"elementor-element elementor-element-50c6f02 elementor-widget elementor-widget-image\" data-id=\"50c6f02\" data-element_type=\"widget\" data-e-type=\"widget\" data-widget_type=\"image.default\">\n\t\t\t\t<div class=\"elementor-widget-container\">\n\t\t\t\t\t\t\t\t\t\t\t\t\t\t\t<img decoding=\"async\" width=\"768\" height=\"1365\" src=\"https:\/\/uigtsj.poderjudicialqro.gob.mx\/wp-content\/uploads\/2023\/11\/DMTP-2-768x1365.png\" class=\"attachment-medium_large size-medium_large wp-image-4314\" alt=\"\" srcset=\"https:\/\/uigtsj.poderjudicialqro.gob.mx\/wp-content\/uploads\/2023\/11\/DMTP-2-768x1365.png 768w, https:\/\/uigtsj.poderjudicialqro.gob.mx\/wp-content\/uploads\/2023\/11\/DMTP-2-169x300.png 169w, https:\/\/uigtsj.poderjudicialqro.gob.mx\/wp-content\/uploads\/2023\/11\/DMTP-2-576x1024.png 576w, https:\/\/uigtsj.poderjudicialqro.gob.mx\/wp-content\/uploads\/2023\/11\/DMTP-2-864x1536.png 864w, https:\/\/uigtsj.poderjudicialqro.gob.mx\/wp-content\/uploads\/2023\/11\/DMTP-2.png 1080w\" sizes=\"(max-width: 768px) 100vw, 768px\" \/>\t\t\t\t\t\t\t\t\t\t\t\t\t\t\t<\/div>\n\t\t\t\t<\/div>\n\t\t\t\t<div class=\"elementor-element elementor-element-ba77e1f elementor-widget elementor-widget-image\" data-id=\"ba77e1f\" data-element_type=\"widget\" data-e-type=\"widget\" data-widget_type=\"image.default\">\n\t\t\t\t<div class=\"elementor-widget-container\">\n\t\t\t\t\t\t\t\t\t\t\t\t\t\t\t<img decoding=\"async\" width=\"768\" height=\"1365\" src=\"https:\/\/uigtsj.poderjudicialqro.gob.mx\/wp-content\/uploads\/2023\/11\/DMTP-3-768x1365.png\" class=\"attachment-medium_large size-medium_large wp-image-4315\" alt=\"\" srcset=\"https:\/\/uigtsj.poderjudicialqro.gob.mx\/wp-content\/uploads\/2023\/11\/DMTP-3-768x1365.png 768w, https:\/\/uigtsj.poderjudicialqro.gob.mx\/wp-content\/uploads\/2023\/11\/DMTP-3-169x300.png 169w, https:\/\/uigtsj.poderjudicialqro.gob.mx\/wp-content\/uploads\/2023\/11\/DMTP-3-576x1024.png 576w, https:\/\/uigtsj.poderjudicialqro.gob.mx\/wp-content\/uploads\/2023\/11\/DMTP-3-864x1536.png 864w, https:\/\/uigtsj.poderjudicialqro.gob.mx\/wp-content\/uploads\/2023\/11\/DMTP-3.png 1080w\" sizes=\"(max-width: 768px) 100vw, 768px\" \/>\t\t\t\t\t\t\t\t\t\t\t\t\t\t\t<\/div>\n\t\t\t\t<\/div>\n\t\t\t\t<div class=\"elementor-element elementor-element-4229aca elementor-widget elementor-widget-image\" data-id=\"4229aca\" data-element_type=\"widget\" data-e-type=\"widget\" data-widget_type=\"image.default\">\n\t\t\t\t<div class=\"elementor-widget-container\">\n\t\t\t\t\t\t\t\t\t\t\t\t\t\t\t<img loading=\"lazy\" decoding=\"async\" width=\"768\" height=\"1365\" src=\"https:\/\/uigtsj.poderjudicialqro.gob.mx\/wp-content\/uploads\/2023\/11\/DMTP-4-768x1365.png\" class=\"attachment-medium_large size-medium_large wp-image-4316\" alt=\"\" srcset=\"https:\/\/uigtsj.poderjudicialqro.gob.mx\/wp-content\/uploads\/2023\/11\/DMTP-4-768x1365.png 768w, https:\/\/uigtsj.poderjudicialqro.gob.mx\/wp-content\/uploads\/2023\/11\/DMTP-4-169x300.png 169w, https:\/\/uigtsj.poderjudicialqro.gob.mx\/wp-content\/uploads\/2023\/11\/DMTP-4-576x1024.png 576w, https:\/\/uigtsj.poderjudicialqro.gob.mx\/wp-content\/uploads\/2023\/11\/DMTP-4-864x1536.png 864w, https:\/\/uigtsj.poderjudicialqro.gob.mx\/wp-content\/uploads\/2023\/11\/DMTP-4.png 1080w\" sizes=\"(max-width: 768px) 100vw, 768px\" \/>\t\t\t\t\t\t\t\t\t\t\t\t\t\t\t<\/div>\n\t\t\t\t<\/div>\n\t\t\t\t<div class=\"elementor-element elementor-element-53ef149 elementor-widget elementor-widget-image\" data-id=\"53ef149\" data-element_type=\"widget\" data-e-type=\"widget\" data-widget_type=\"image.default\">\n\t\t\t\t<div class=\"elementor-widget-container\">\n\t\t\t\t\t\t\t\t\t\t\t\t\t\t\t<img loading=\"lazy\" decoding=\"async\" width=\"768\" height=\"1365\" src=\"https:\/\/uigtsj.poderjudicialqro.gob.mx\/wp-content\/uploads\/2023\/11\/DMTP-5-768x1365.png\" class=\"attachment-medium_large size-medium_large wp-image-4317\" alt=\"\" srcset=\"https:\/\/uigtsj.poderjudicialqro.gob.mx\/wp-content\/uploads\/2023\/11\/DMTP-5-768x1365.png 768w, https:\/\/uigtsj.poderjudicialqro.gob.mx\/wp-content\/uploads\/2023\/11\/DMTP-5-169x300.png 169w, https:\/\/uigtsj.poderjudicialqro.gob.mx\/wp-content\/uploads\/2023\/11\/DMTP-5-576x1024.png 576w, https:\/\/uigtsj.poderjudicialqro.gob.mx\/wp-content\/uploads\/2023\/11\/DMTP-5-864x1536.png 864w, https:\/\/uigtsj.poderjudicialqro.gob.mx\/wp-content\/uploads\/2023\/11\/DMTP-5.png 1080w\" sizes=\"(max-width: 768px) 100vw, 768px\" \/>\t\t\t\t\t\t\t\t\t\t\t\t\t\t\t<\/div>\n\t\t\t\t<\/div>\n\t\t\t\t<div class=\"elementor-element elementor-element-a49cebc elementor-widget elementor-widget-image\" data-id=\"a49cebc\" data-element_type=\"widget\" data-e-type=\"widget\" data-widget_type=\"image.default\">\n\t\t\t\t<div class=\"elementor-widget-container\">\n\t\t\t\t\t\t\t\t\t\t\t\t\t\t\t<img loading=\"lazy\" decoding=\"async\" width=\"768\" height=\"1365\" src=\"https:\/\/uigtsj.poderjudicialqro.gob.mx\/wp-content\/uploads\/2023\/11\/DMTP-6-768x1365.png\" class=\"attachment-medium_large size-medium_large wp-image-4318\" alt=\"\" srcset=\"https:\/\/uigtsj.poderjudicialqro.gob.mx\/wp-content\/uploads\/2023\/11\/DMTP-6-768x1365.png 768w, https:\/\/uigtsj.poderjudicialqro.gob.mx\/wp-content\/uploads\/2023\/11\/DMTP-6-169x300.png 169w, https:\/\/uigtsj.poderjudicialqro.gob.mx\/wp-content\/uploads\/2023\/11\/DMTP-6-576x1024.png 576w, https:\/\/uigtsj.poderjudicialqro.gob.mx\/wp-content\/uploads\/2023\/11\/DMTP-6-864x1536.png 864w, https:\/\/uigtsj.poderjudicialqro.gob.mx\/wp-content\/uploads\/2023\/11\/DMTP-6.png 1080w\" sizes=\"(max-width: 768px) 100vw, 768px\" \/>\t\t\t\t\t\t\t\t\t\t\t\t\t\t\t<\/div>\n\t\t\t\t<\/div>\n\t\t\t\t<div class=\"elementor-element elementor-element-f788b58 elementor-widget elementor-widget-image\" data-id=\"f788b58\" data-element_type=\"widget\" data-e-type=\"widget\" data-widget_type=\"image.default\">\n\t\t\t\t<div class=\"elementor-widget-container\">\n\t\t\t\t\t\t\t\t\t\t\t\t\t\t\t<img loading=\"lazy\" decoding=\"async\" width=\"768\" height=\"1365\" src=\"https:\/\/uigtsj.poderjudicialqro.gob.mx\/wp-content\/uploads\/2023\/11\/DMTP-7-768x1365.png\" class=\"attachment-medium_large size-medium_large wp-image-4319\" alt=\"\" srcset=\"https:\/\/uigtsj.poderjudicialqro.gob.mx\/wp-content\/uploads\/2023\/11\/DMTP-7-768x1365.png 768w, https:\/\/uigtsj.poderjudicialqro.gob.mx\/wp-content\/uploads\/2023\/11\/DMTP-7-169x300.png 169w, https:\/\/uigtsj.poderjudicialqro.gob.mx\/wp-content\/uploads\/2023\/11\/DMTP-7-576x1024.png 576w, https:\/\/uigtsj.poderjudicialqro.gob.mx\/wp-content\/uploads\/2023\/11\/DMTP-7-864x1536.png 864w, https:\/\/uigtsj.poderjudicialqro.gob.mx\/wp-content\/uploads\/2023\/11\/DMTP-7.png 1080w\" sizes=\"(max-width: 768px) 100vw, 768px\" \/>\t\t\t\t\t\t\t\t\t\t\t\t\t\t\t<\/div>\n\t\t\t\t<\/div>\n\t\t\t\t<div class=\"elementor-element elementor-element-8ff86eb elementor-widget elementor-widget-image\" data-id=\"8ff86eb\" data-element_type=\"widget\" data-e-type=\"widget\" data-widget_type=\"image.default\">\n\t\t\t\t<div class=\"elementor-widget-container\">\n\t\t\t\t\t\t\t\t\t\t\t\t\t\t\t<img loading=\"lazy\" decoding=\"async\" width=\"768\" height=\"1365\" src=\"https:\/\/uigtsj.poderjudicialqro.gob.mx\/wp-content\/uploads\/2023\/11\/DMTP-8-768x1365.png\" class=\"attachment-medium_large size-medium_large wp-image-4320\" alt=\"\" srcset=\"https:\/\/uigtsj.poderjudicialqro.gob.mx\/wp-content\/uploads\/2023\/11\/DMTP-8-768x1365.png 768w, https:\/\/uigtsj.poderjudicialqro.gob.mx\/wp-content\/uploads\/2023\/11\/DMTP-8-169x300.png 169w, https:\/\/uigtsj.poderjudicialqro.gob.mx\/wp-content\/uploads\/2023\/11\/DMTP-8-576x1024.png 576w, https:\/\/uigtsj.poderjudicialqro.gob.mx\/wp-content\/uploads\/2023\/11\/DMTP-8-864x1536.png 864w, https:\/\/uigtsj.poderjudicialqro.gob.mx\/wp-content\/uploads\/2023\/11\/DMTP-8.png 1080w\" sizes=\"(max-width: 768px) 100vw, 768px\" \/>\t\t\t\t\t\t\t\t\t\t\t\t\t\t\t<\/div>\n\t\t\t\t<\/div>\n\t\t\t\t<div class=\"elementor-element elementor-element-ccffe70 elementor-widget elementor-widget-image\" data-id=\"ccffe70\" data-element_type=\"widget\" data-e-type=\"widget\" data-widget_type=\"image.default\">\n\t\t\t\t<div class=\"elementor-widget-container\">\n\t\t\t\t\t\t\t\t\t\t\t\t\t\t\t<img loading=\"lazy\" decoding=\"async\" width=\"768\" height=\"1365\" src=\"https:\/\/uigtsj.poderjudicialqro.gob.mx\/wp-content\/uploads\/2023\/11\/DMTP-9-768x1365.png\" class=\"attachment-medium_large size-medium_large wp-image-4321\" alt=\"\" srcset=\"https:\/\/uigtsj.poderjudicialqro.gob.mx\/wp-content\/uploads\/2023\/11\/DMTP-9-768x1365.png 768w, https:\/\/uigtsj.poderjudicialqro.gob.mx\/wp-content\/uploads\/2023\/11\/DMTP-9-169x300.png 169w, https:\/\/uigtsj.poderjudicialqro.gob.mx\/wp-content\/uploads\/2023\/11\/DMTP-9-576x1024.png 576w, https:\/\/uigtsj.poderjudicialqro.gob.mx\/wp-content\/uploads\/2023\/11\/DMTP-9-864x1536.png 864w, https:\/\/uigtsj.poderjudicialqro.gob.mx\/wp-content\/uploads\/2023\/11\/DMTP-9.png 1080w\" sizes=\"(max-width: 768px) 100vw, 768px\" \/>\t\t\t\t\t\t\t\t\t\t\t\t\t\t\t<\/div>\n\t\t\t\t<\/div>\n\t\t\t\t<div class=\"elementor-element elementor-element-e475319 elementor-widget elementor-widget-image\" data-id=\"e475319\" data-element_type=\"widget\" data-e-type=\"widget\" data-widget_type=\"image.default\">\n\t\t\t\t<div class=\"elementor-widget-container\">\n\t\t\t\t\t\t\t\t\t\t\t\t\t\t\t<img loading=\"lazy\" decoding=\"async\" width=\"768\" height=\"1365\" src=\"https:\/\/uigtsj.poderjudicialqro.gob.mx\/wp-content\/uploads\/2023\/11\/DMTP-10-768x1365.png\" class=\"attachment-medium_large size-medium_large wp-image-4322\" alt=\"\" srcset=\"https:\/\/uigtsj.poderjudicialqro.gob.mx\/wp-content\/uploads\/2023\/11\/DMTP-10-768x1365.png 768w, https:\/\/uigtsj.poderjudicialqro.gob.mx\/wp-content\/uploads\/2023\/11\/DMTP-10-169x300.png 169w, https:\/\/uigtsj.poderjudicialqro.gob.mx\/wp-content\/uploads\/2023\/11\/DMTP-10-576x1024.png 576w, https:\/\/uigtsj.poderjudicialqro.gob.mx\/wp-content\/uploads\/2023\/11\/DMTP-10-864x1536.png 864w, https:\/\/uigtsj.poderjudicialqro.gob.mx\/wp-content\/uploads\/2023\/11\/DMTP-10.png 1080w\" sizes=\"(max-width: 768px) 100vw, 768px\" \/>\t\t\t\t\t\t\t\t\t\t\t\t\t\t\t<\/div>\n\t\t\t\t<\/div>\n\t\t\t\t<div class=\"elementor-element elementor-element-e6444ec elementor-widget elementor-widget-image\" data-id=\"e6444ec\" data-element_type=\"widget\" data-e-type=\"widget\" data-widget_type=\"image.default\">\n\t\t\t\t<div class=\"elementor-widget-container\">\n\t\t\t\t\t\t\t\t\t\t\t\t\t\t\t<img loading=\"lazy\" decoding=\"async\" width=\"1024\" height=\"576\" src=\"https:\/\/uigtsj.poderjudicialqro.gob.mx\/wp-content\/uploads\/2023\/10\/DIN-14-1024x576.png\" class=\"attachment-large size-large wp-image-4024\" alt=\"\" srcset=\"https:\/\/uigtsj.poderjudicialqro.gob.mx\/wp-content\/uploads\/2023\/10\/DIN-14-1024x576.png 1024w, https:\/\/uigtsj.poderjudicialqro.gob.mx\/wp-content\/uploads\/2023\/10\/DIN-14-300x169.png 300w, https:\/\/uigtsj.poderjudicialqro.gob.mx\/wp-content\/uploads\/2023\/10\/DIN-14-768x432.png 768w, https:\/\/uigtsj.poderjudicialqro.gob.mx\/wp-content\/uploads\/2023\/10\/DIN-14-1536x864.png 1536w, https:\/\/uigtsj.poderjudicialqro.gob.mx\/wp-content\/uploads\/2023\/10\/DIN-14.png 1920w\" sizes=\"(max-width: 1024px) 100vw, 1024px\" \/>\t\t\t\t\t\t\t\t\t\t\t\t\t\t\t<\/div>\n\t\t\t\t<\/div>\n\t\t\t\t\t<\/div>\n\t\t<\/div>\n\t\t\t\t\t<\/div>\n\t\t<\/section>\n\t\t\t\t<section class=\"elementor-section elementor-top-section elementor-element elementor-element-7cf3b2e elementor-section-boxed elementor-section-height-default elementor-section-height-default\" data-id=\"7cf3b2e\" data-element_type=\"section\" data-e-type=\"section\">\n\t\t\t\t\t\t<div class=\"elementor-container elementor-column-gap-default\">\n\t\t\t\t\t<div class=\"elementor-column elementor-col-100 elementor-top-column elementor-element elementor-element-fb9a4e8\" data-id=\"fb9a4e8\" data-element_type=\"column\" data-e-type=\"column\">\n\t\t\t<div class=\"elementor-widget-wrap elementor-element-populated\">\n\t\t\t\t\t\t<div class=\"elementor-element elementor-element-11c7cb2 elementor-widget elementor-widget-spacer\" data-id=\"11c7cb2\" data-element_type=\"widget\" data-e-type=\"widget\" data-widget_type=\"spacer.default\">\n\t\t\t\t<div class=\"elementor-widget-container\">\n\t\t\t\t\t\t\t<div class=\"elementor-spacer\">\n\t\t\t<div class=\"elementor-spacer-inner\"><\/div>\n\t\t<\/div>\n\t\t\t\t\t\t<\/div>\n\t\t\t\t<\/div>\n\t\t\t\t\t<\/div>\n\t\t<\/div>\n\t\t\t\t\t<\/div>\n\t\t<\/section>\n\t\t\t\t<\/div>\n\t\t","protected":false},"excerpt":{"rendered":"<p>Inicio \u00bb Informaci\u00f3n 18 de noviembre &#8211; D\u00eda Mundial para Prevenir la Trata, Explotaci\u00f3n, los Abusos y la Violencia Sexuales contra los Ni\u00f1os y Promover la Sanaci\u00f3n<\/p>\n","protected":false},"author":1,"featured_media":0,"parent":0,"menu_order":0,"comment_status":"closed","ping_status":"closed","template":"elementor_header_footer","meta":{"footnotes":""},"class_list":["post-4311","page","type-page","status-publish"],"_links":{"self":[{"href":"https:\/\/uigtsj.poderjudicialqro.gob.mx\/index.php\/wp-json\/wp\/v2\/pages\/4311","targetHints":{"allow":["GET"]}}],"collection":[{"href":"https:\/\/uigtsj.poderjudicialqro.gob.mx\/index.php\/wp-json\/wp\/v2\/pages"}],"about":[{"href":"https:\/\/uigtsj.poderjudicialqro.gob.mx\/index.php\/wp-json\/wp\/v2\/types\/page"}],"author":[{"embeddable":true,"href":"https:\/\/uigtsj.poderjudicialqro.gob.mx\/index.php\/wp-json\/wp\/v2\/users\/1"}],"replies":[{"embeddable":true,"href":"https:\/\/uigtsj.poderjudicialqro.gob.mx\/index.php\/wp-json\/wp\/v2\/comments?post=4311"}],"version-history":[{"count":10,"href":"https:\/\/uigtsj.poderjudicialqro.gob.mx\/index.php\/wp-json\/wp\/v2\/pages\/4311\/revisions"}],"predecessor-version":[{"id":6142,"href":"https:\/\/uigtsj.poderjudicialqro.gob.mx\/index.php\/wp-json\/wp\/v2\/pages\/4311\/revisions\/6142"}],"wp:attachment":[{"href":"https:\/\/uigtsj.poderjudicialqro.gob.mx\/index.php\/wp-json\/wp\/v2\/media?parent=4311"}],"curies":[{"name":"wp","href":"https:\/\/api.w.org\/{rel}","templated":true}]}}