{"id":5220,"date":"2024-06-24T11:40:12","date_gmt":"2024-06-24T17:40:12","guid":{"rendered":"https:\/\/uigtsj.poderjudicialqro.gob.mx\/?page_id=5220"},"modified":"2024-12-02T13:03:14","modified_gmt":"2024-12-02T19:03:14","slug":"actividades-2020","status":"publish","type":"page","link":"https:\/\/uigtsj.poderjudicialqro.gob.mx\/index.php\/actividades-2020\/","title":{"rendered":"Actividades 2020"},"content":{"rendered":"\t\t<div data-elementor-type=\"wp-page\" data-elementor-id=\"5220\" class=\"elementor elementor-5220\">\n\t\t\t\t\t\t<section class=\"elementor-section elementor-top-section elementor-element elementor-element-c20d870 elementor-section-boxed elementor-section-height-default elementor-section-height-default\" data-id=\"c20d870\" data-element_type=\"section\" data-e-type=\"section\">\n\t\t\t\t\t\t<div class=\"elementor-container elementor-column-gap-default\">\n\t\t\t\t\t<div class=\"elementor-column elementor-col-100 elementor-top-column elementor-element elementor-element-fb48dec\" data-id=\"fb48dec\" data-element_type=\"column\" data-e-type=\"column\">\n\t\t\t<div class=\"elementor-widget-wrap elementor-element-populated\">\n\t\t\t\t\t\t<div class=\"elementor-element elementor-element-b872cfb elementor-widget elementor-widget-text-editor\" data-id=\"b872cfb\" data-element_type=\"widget\" data-e-type=\"widget\" data-widget_type=\"text-editor.default\">\n\t\t\t\t<div class=\"elementor-widget-container\">\n\t\t\t\t\t\t\t\t\t<h3><span style=\"color: #008000;\">\u00a0 \u00a0 \u00a0<\/span><span style=\"color: #272282;\"><a style=\"color: #272282;\" href=\"https:\/\/uigtsj.poderjudicialqro.gob.mx\/index.php\/2020\/02\/13\/5ta-capacitacion-de-banavim\/\" target=\"_blank\" rel=\"noopener\">5ta. Capacitaci\u00f3n de la Plataforma BANAVIM<\/a><\/span><\/h3><h3><span style=\"color: #272282;\"><a style=\"color: #272282;\" href=\"https:\/\/uigtsj.poderjudicialqro.gob.mx\/index.php\/2020\/09\/02\/primera-sesion-de-trabajo-de-enlaces-2020\/\" target=\"_blank\" rel=\"noopener\">\u00a0 \u00a0 \u00a0Primera Sesi\u00f3n de Trabajo de Enlaces 2020<\/a><\/span><\/h3><h3><span style=\"color: #272282;\"><a style=\"color: #272282;\" href=\"https:\/\/uigtsj.poderjudicialqro.gob.mx\/index.php\/2020\/09\/09\/segunda-sesion-del-comite-estatal-y-evaluacion-del-pacto-para-introducir-la-perspectiva-de-genero-en-los-organos-de-imparticion-de-justicia-en-mexico\/\" target=\"_blank\" rel=\"noopener\">\u00a0 \u00a0 \u00a0Segunda Sesi\u00f3n del Comit\u00e9 Estatal y Evaluaci\u00f3n del \u201cPacto\u201d para introducir la Perspectiva de G\u00e9nero en los \u00d3rganos de impartici\u00f3n de Justicia en M\u00e9xico<\/a><\/span><\/h3><h3><span style=\"color: #272282;\"><a style=\"color: #272282;\" href=\"https:\/\/uigtsj.poderjudicialqro.gob.mx\/index.php\/2020\/09\/29\/sesion-del-comite-de-enlaces-estatales-del-banavim\/\" target=\"_blank\" rel=\"noopener\">\u00a0 \u00a0 \u00a0Sesi\u00f3n del Comit\u00e9 de Enlaces Estatales del BANAVIM<\/a><\/span><\/h3><h3><span style=\"color: #272282;\"><a style=\"color: #272282;\" href=\"https:\/\/uigtsj.poderjudicialqro.gob.mx\/index.php\/2020\/11\/11\/sesion-ordinaria-del-sistema-nacional-de-proteccion-integral-de-ninas-ninos-y-adolescentes\/\" target=\"_blank\" rel=\"noopener\">\u00a0 \u00a0 \u00a0Sesi\u00f3n Ordinaria del Sistema Nacional de Protecci\u00f3n Integral de Ni\u00f1as, Ni\u00f1os y Adolescentes<\/a><\/span><\/h3>\t\t\t\t\t\t\t\t<\/div>\n\t\t\t\t<\/div>\n\t\t\t\t\t<\/div>\n\t\t<\/div>\n\t\t\t\t\t<\/div>\n\t\t<\/section>\n\t\t\t\t<\/div>\n\t\t","protected":false},"excerpt":{"rendered":"<p>\u00a0 \u00a0 \u00a05ta. Capacitaci\u00f3n de la Plataforma BANAVIM \u00a0 \u00a0 \u00a0Primera Sesi\u00f3n de Trabajo de Enlaces 2020 \u00a0 \u00a0 \u00a0Segunda Sesi\u00f3n del Comit\u00e9 Estatal y Evaluaci\u00f3n del \u201cPacto\u201d para introducir la Perspectiva de G\u00e9nero en los \u00d3rganos de impartici\u00f3n de Justicia en M\u00e9xico \u00a0 \u00a0 \u00a0Sesi\u00f3n del Comit\u00e9 de Enlaces Estatales del BANAVIM \u00a0 \u00a0 &#8230; <a title=\"Actividades 2020\" class=\"read-more\" href=\"https:\/\/uigtsj.poderjudicialqro.gob.mx\/index.php\/actividades-2020\/\" aria-label=\"Leer m\u00e1s sobre Actividades 2020\">Leer m\u00e1s<\/a><\/p>\n","protected":false},"author":1,"featured_media":0,"parent":0,"menu_order":0,"comment_status":"closed","ping_status":"closed","template":"","meta":{"footnotes":""},"class_list":["post-5220","page","type-page","status-publish"],"_links":{"self":[{"href":"https:\/\/uigtsj.poderjudicialqro.gob.mx\/index.php\/wp-json\/wp\/v2\/pages\/5220","targetHints":{"allow":["GET"]}}],"collection":[{"href":"https:\/\/uigtsj.poderjudicialqro.gob.mx\/index.php\/wp-json\/wp\/v2\/pages"}],"about":[{"href":"https:\/\/uigtsj.poderjudicialqro.gob.mx\/index.php\/wp-json\/wp\/v2\/types\/page"}],"author":[{"embeddable":true,"href":"https:\/\/uigtsj.poderjudicialqro.gob.mx\/index.php\/wp-json\/wp\/v2\/users\/1"}],"replies":[{"embeddable":true,"href":"https:\/\/uigtsj.poderjudicialqro.gob.mx\/index.php\/wp-json\/wp\/v2\/comments?post=5220"}],"version-history":[{"count":10,"href":"https:\/\/uigtsj.poderjudicialqro.gob.mx\/index.php\/wp-json\/wp\/v2\/pages\/5220\/revisions"}],"predecessor-version":[{"id":5815,"href":"https:\/\/uigtsj.poderjudicialqro.gob.mx\/index.php\/wp-json\/wp\/v2\/pages\/5220\/revisions\/5815"}],"wp:attachment":[{"href":"https:\/\/uigtsj.poderjudicialqro.gob.mx\/index.php\/wp-json\/wp\/v2\/media?parent=5220"}],"curies":[{"name":"wp","href":"https:\/\/api.w.org\/{rel}","templated":true}]}}