{"id":5225,"date":"2024-06-24T11:44:33","date_gmt":"2024-06-24T17:44:33","guid":{"rendered":"https:\/\/uigtsj.poderjudicialqro.gob.mx\/?page_id=5225"},"modified":"2024-12-02T13:05:54","modified_gmt":"2024-12-02T19:05:54","slug":"actividades-2021","status":"publish","type":"page","link":"https:\/\/uigtsj.poderjudicialqro.gob.mx\/index.php\/actividades-2021\/","title":{"rendered":"Actividades 2021"},"content":{"rendered":"\t\t<div data-elementor-type=\"wp-page\" data-elementor-id=\"5225\" class=\"elementor elementor-5225\">\n\t\t\t\t\t\t<section class=\"elementor-section elementor-top-section elementor-element elementor-element-2d916bd elementor-section-boxed elementor-section-height-default elementor-section-height-default\" data-id=\"2d916bd\" data-element_type=\"section\" data-e-type=\"section\">\n\t\t\t\t\t\t<div class=\"elementor-container elementor-column-gap-default\">\n\t\t\t\t\t<div class=\"elementor-column elementor-col-100 elementor-top-column elementor-element elementor-element-37bca6b\" data-id=\"37bca6b\" data-element_type=\"column\" data-e-type=\"column\">\n\t\t\t<div class=\"elementor-widget-wrap elementor-element-populated\">\n\t\t\t\t\t\t<div class=\"elementor-element elementor-element-8f6d6c4 elementor-widget elementor-widget-text-editor\" data-id=\"8f6d6c4\" data-element_type=\"widget\" data-e-type=\"widget\" data-widget_type=\"text-editor.default\">\n\t\t\t\t<div class=\"elementor-widget-container\">\n\t\t\t\t\t\t\t\t\t<h3><span style=\"color: #272282;\">\u00a0 \u00a0 \u00a0<a style=\"color: #272282;\" href=\"https:\/\/uigtsj.poderjudicialqro.gob.mx\/index.php\/2021\/05\/04\/haciendo-realidad-el-derecho-a-la-igualdad\/\" target=\"_blank\" rel=\"noopener\">Videoconferencia \u00abHaciendo realidad el Derecho a la Igualdad\u00bb<\/a><\/span><\/h3><h3><span style=\"color: #272282;\"><a style=\"color: #272282;\" href=\"https:\/\/uigtsj.poderjudicialqro.gob.mx\/index.php\/2021\/05\/06\/reunion-de-trabajo\/\" target=\"_blank\" rel=\"noopener\">\u00a0 \u00a0 \u00a0Reuni\u00f3n de Trabajo<\/a><\/span><\/h3><h3><span style=\"color: #272282;\"><a style=\"color: #272282;\" href=\"https:\/\/uigtsj.poderjudicialqro.gob.mx\/index.php\/2021\/05\/11\/videoconferencia-visibilizacion-de-la-violencia-de-genero\/\" target=\"_blank\" rel=\"noopener\">\u00a0 \u00a0 \u00a0Videoconferencia \u00abVisibilizaci\u00f3n de la Violencia de G\u00e9nero\u00bb<\/a><\/span><\/h3><h3><span style=\"color: #272282;\"><a style=\"color: #272282;\" href=\"https:\/\/uigtsj.poderjudicialqro.gob.mx\/index.php\/2021\/05\/18\/videoconferencia-masculinidad-positiva\/\" target=\"_blank\" rel=\"noopener\">\u00a0 \u00a0 \u00a0Videoconferencia \u00abMasculinidad Positiva\u00bb<\/a><\/span><\/h3><h3><span style=\"color: #272282;\"><a style=\"color: #272282;\" href=\"https:\/\/uigtsj.poderjudicialqro.gob.mx\/index.php\/2021\/10\/29\/foro-estadisticas-de-violencia-de-genero-contra-mujeres-y-ninas-oportunidades-y-perspectivas-desde-la-experiencia-internacional\/\" target=\"_blank\" rel=\"noopener\">\u00a0 \u00a0 \u00a0Foro Estad\u00edsticas de Violencia de G\u00e9nero contra Mujeres y Ni\u00f1as: oportunidades y perspectivas desde la experiencia internacional<\/a><\/span><\/h3><h3><span style=\"color: #272282;\"><a style=\"color: #272282;\" href=\"https:\/\/uigtsj.poderjudicialqro.gob.mx\/index.php\/2021\/11\/19\/foro-nacional-enfoques-y-perspectivas-desde-el-ambito-de-la-justicia-en-materia-de-trata-de-personas\/\" target=\"_blank\" rel=\"noopener\">\u00a0 \u00a0 \u00a0Foro Nacional Enfoques y Perspectivas desde el \u00e1mbito de la Justicia en materia de trata de personas<\/a><\/span><\/h3><h3><span style=\"color: #272282;\"><a style=\"color: #272282;\" href=\"https:\/\/uigtsj.poderjudicialqro.gob.mx\/index.php\/2021\/12\/13\/4to-encuentro-nacional-de-enlaces-del-banavim-sobre-casos-de-violencia-contra-las-mujeres\/\" target=\"_blank\" rel=\"noopener\">\u00a0 \u00a0 \u00a04to Encuentro Nacional de Enlaces del Banco Nacional de Datos e Informaci\u00f3n sobre casos de violencia contra las mujeres<\/a><\/span><\/h3>\t\t\t\t\t\t\t\t<\/div>\n\t\t\t\t<\/div>\n\t\t\t\t\t<\/div>\n\t\t<\/div>\n\t\t\t\t\t<\/div>\n\t\t<\/section>\n\t\t\t\t<\/div>\n\t\t","protected":false},"excerpt":{"rendered":"<p>\u00a0 \u00a0 \u00a0Videoconferencia \u00abHaciendo realidad el Derecho a la Igualdad\u00bb \u00a0 \u00a0 \u00a0Reuni\u00f3n de Trabajo \u00a0 \u00a0 \u00a0Videoconferencia \u00abVisibilizaci\u00f3n de la Violencia de G\u00e9nero\u00bb \u00a0 \u00a0 \u00a0Videoconferencia \u00abMasculinidad Positiva\u00bb \u00a0 \u00a0 \u00a0Foro Estad\u00edsticas de Violencia de G\u00e9nero contra Mujeres y Ni\u00f1as: oportunidades y perspectivas desde la experiencia internacional \u00a0 \u00a0 \u00a0Foro Nacional Enfoques y Perspectivas &#8230; <a title=\"Actividades 2021\" class=\"read-more\" href=\"https:\/\/uigtsj.poderjudicialqro.gob.mx\/index.php\/actividades-2021\/\" aria-label=\"Leer m\u00e1s sobre Actividades 2021\">Leer m\u00e1s<\/a><\/p>\n","protected":false},"author":1,"featured_media":0,"parent":0,"menu_order":0,"comment_status":"closed","ping_status":"closed","template":"","meta":{"footnotes":""},"class_list":["post-5225","page","type-page","status-publish"],"_links":{"self":[{"href":"https:\/\/uigtsj.poderjudicialqro.gob.mx\/index.php\/wp-json\/wp\/v2\/pages\/5225","targetHints":{"allow":["GET"]}}],"collection":[{"href":"https:\/\/uigtsj.poderjudicialqro.gob.mx\/index.php\/wp-json\/wp\/v2\/pages"}],"about":[{"href":"https:\/\/uigtsj.poderjudicialqro.gob.mx\/index.php\/wp-json\/wp\/v2\/types\/page"}],"author":[{"embeddable":true,"href":"https:\/\/uigtsj.poderjudicialqro.gob.mx\/index.php\/wp-json\/wp\/v2\/users\/1"}],"replies":[{"embeddable":true,"href":"https:\/\/uigtsj.poderjudicialqro.gob.mx\/index.php\/wp-json\/wp\/v2\/comments?post=5225"}],"version-history":[{"count":13,"href":"https:\/\/uigtsj.poderjudicialqro.gob.mx\/index.php\/wp-json\/wp\/v2\/pages\/5225\/revisions"}],"predecessor-version":[{"id":5818,"href":"https:\/\/uigtsj.poderjudicialqro.gob.mx\/index.php\/wp-json\/wp\/v2\/pages\/5225\/revisions\/5818"}],"wp:attachment":[{"href":"https:\/\/uigtsj.poderjudicialqro.gob.mx\/index.php\/wp-json\/wp\/v2\/media?parent=5225"}],"curies":[{"name":"wp","href":"https:\/\/api.w.org\/{rel}","templated":true}]}}