{"id":5280,"date":"2024-06-24T12:48:19","date_gmt":"2024-06-24T18:48:19","guid":{"rendered":"https:\/\/uigtsj.poderjudicialqro.gob.mx\/?page_id=5280"},"modified":"2024-12-11T11:58:39","modified_gmt":"2024-12-11T17:58:39","slug":"actividades-2024","status":"publish","type":"page","link":"https:\/\/uigtsj.poderjudicialqro.gob.mx\/index.php\/actividades-2024\/","title":{"rendered":"Actividades 2024"},"content":{"rendered":"\t\t<div data-elementor-type=\"wp-page\" data-elementor-id=\"5280\" class=\"elementor elementor-5280\">\n\t\t\t\t\t\t<section class=\"elementor-section elementor-top-section elementor-element elementor-element-d70a14f elementor-section-boxed elementor-section-height-default elementor-section-height-default\" data-id=\"d70a14f\" data-element_type=\"section\" data-e-type=\"section\">\n\t\t\t\t\t\t<div class=\"elementor-container elementor-column-gap-default\">\n\t\t\t\t\t<div class=\"elementor-column elementor-col-100 elementor-top-column elementor-element elementor-element-4782417\" data-id=\"4782417\" data-element_type=\"column\" data-e-type=\"column\">\n\t\t\t<div class=\"elementor-widget-wrap elementor-element-populated\">\n\t\t\t\t\t\t<div class=\"elementor-element elementor-element-efe98b2 elementor-widget elementor-widget-text-editor\" data-id=\"efe98b2\" data-element_type=\"widget\" data-e-type=\"widget\" data-widget_type=\"text-editor.default\">\n\t\t\t\t<div class=\"elementor-widget-container\">\n\t\t\t\t\t\t\t\t\t<h3>\u00a0 \u00a0 \u00a0<a href=\"https:\/\/uigtsj.poderjudicialqro.gob.mx\/index.php\/2024\/12\/10\/poder-judicial-del-estado-de-queretaro-en-el-tercer-encuentro-nacional-de-unidades-de-genero-de-conatrib-2024\/\" target=\"_blank\" rel=\"noopener\"><span style=\"color: #272282;\">Tercer Encuentro Nacional de Unidades de G\u00e9nero de CONATRIB 2024<\/span><\/a><\/h3><h3>\u00a0 \u00a0 \u00a0<a href=\"https:\/\/uigtsj.poderjudicialqro.gob.mx\/index.php\/2024\/12\/11\/dia-internacional-de-la-eliminacion-de-la-violencia-contra-la-mujer25n\/\" target=\"_blank\" rel=\"noopener\"><span style=\"color: #272282;\">D\u00eda Internacional de la Eliminaci\u00f3n de la Violencia contra la Mujer(25N)<\/span><\/a><\/h3><h3><span style=\"color: #272282;\">\u00a0 \u00a0 \u00a0<a style=\"color: #272282;\" href=\"https:\/\/uigtsj.poderjudicialqro.gob.mx\/index.php\/2024\/12\/11\/actividad-de-sensibilizacion-y-concientizacion-en-el-marco-del-25n\/\" target=\"_blank\" rel=\"noopener\">Actividad de Sensibilizaci\u00f3n y Concientizaci\u00f3n en el Marco del 25N<\/a><\/span><\/h3><h3>\u00a0 \u00a0 <span style=\"color: #272282;\">\u00a0<a style=\"color: #272282;\" href=\"https:\/\/uigtsj.poderjudicialqro.gob.mx\/index.php\/2024\/12\/10\/presea-irinea-2024\/\" target=\"_blank\" rel=\"noopener\">Presea Irinea 2024<\/a><\/span><\/h3><h3><span style=\"color: #272282;\"><a style=\"color: #272282;\" href=\"https:\/\/uigtsj.poderjudicialqro.gob.mx\/index.php\/2024\/09\/26\/capacitacion-todo-el-poder-judicial-en-derechos-humanos-e-igualdad-de-genero\/\" target=\"_blank\" rel=\"noopener\">\u00a0 \u00a0 \u00a0Capacitaci\u00f3n a todo el Poder Judicial en Derechos Humanos e Igualdad de G\u00e9nero<\/a><\/span><\/h3><h3><span style=\"color: #272282;\"><a style=\"color: #272282;\" href=\"https:\/\/uigtsj.poderjudicialqro.gob.mx\/index.php\/2024\/09\/25\/recertificacion-de-la-norma-nmx-r-025-scfi-2015-norma-mexicana-en-igualdad-laboral-y-no-discriminacion\/\" target=\"_blank\" rel=\"noopener\">\u00a0 \u00a0 \u00a0Recertificaci\u00f3n de la Norma NMX-R-025-SCFI-2015 \u201cNorma Mexicana en Igualdad Laboral y No Discriminaci\u00f3n\u201d<\/a><\/span><\/h3><h3><span style=\"color: #272282;\"><a style=\"color: #272282;\" href=\"https:\/\/uigtsj.poderjudicialqro.gob.mx\/index.php\/2024\/09\/19\/reconocimiento-de-mujeres-juzgadoras-en-queretaro\/\" target=\"_blank\" rel=\"noopener\">\u00a0 \u00a0 \u00a0Reconocimiento de Mujeres Juzgadoras de Quer\u00e9taro<\/a><\/span><\/h3><h3><span style=\"color: #272282;\">\u00a0 \u00a0 \u00a0<a style=\"color: #272282;\" href=\"https:\/\/uigtsj.poderjudicialqro.gob.mx\/index.php\/2024\/09\/19\/08-de-marzo\/\" target=\"_blank\" rel=\"noopener\">08 de Marzo<\/a><\/span><\/h3><h3><span style=\"color: #272282;\">\u00a0 \u00a0 \u00a0<a style=\"color: #272282;\" href=\"https:\/\/uigtsj.poderjudicialqro.gob.mx\/index.php\/2024\/09\/19\/10-de-mayo-reconocimiento-y-celebracion-a-las-madres-trabajadoras\/\" target=\"_blank\" rel=\"noopener\">10 de Mayo \u2013 Reconocimiento y celebraci\u00f3n a las Madres Trabajadoras<\/a><\/span><\/h3><h3><span style=\"color: #272282;\">\u00a0 \u00a0 \u00a0<a style=\"color: #272282;\" href=\"https:\/\/uigtsj.poderjudicialqro.gob.mx\/index.php\/2024\/09\/20\/25n\/\" target=\"_blank\" rel=\"noopener\">25N<\/a><\/span><\/h3><h3><span style=\"color: #272282;\">\u00a0 \u00a0 \u00a0<a style=\"color: #272282;\" href=\"https:\/\/uigtsj.poderjudicialqro.gob.mx\/index.php\/2024\/09\/20\/jueza-nancy-hernandez-lopez-presidenta-de-la-corte-interamericana-de-derechos-humanos-impartio-conferencia-magistral\/\" target=\"_blank\" rel=\"noopener\">Jueza Nancy Hern\u00e1ndez L\u00f3pez, Presidenta de la Corte Interamericana de Derechos Humanos, Imparti\u00f3 Conferencia Magistral<\/a><\/span><\/h3><h3><span style=\"color: #272282;\">\u00a0 \u00a0 \u00a0<a style=\"color: #272282;\" href=\"https:\/\/uigtsj.poderjudicialqro.gob.mx\/index.php\/2024\/09\/20\/segunda-sesion-ordinaria-de-la-comision-de-sancion-del-sistema-estatal-para-prevenir-atender-sancionar-y-erradicar-la-violencia-contra-las-mujeres\/\" target=\"_blank\" rel=\"noopener\">Primera Sesi\u00f3n Ordinaria de la Comisi\u00f3n de Sanci\u00f3n del Sistema Estatal para Prevenir, Atender, Sancionar y Erradicar la Violencia contra las Mujeres<\/a><\/span><\/h3><h3><span style=\"color: #272282;\"><a style=\"color: #272282;\" href=\"https:\/\/uigtsj.poderjudicialqro.gob.mx\/index.php\/2024\/02\/22\/practicas-innovadoras-para-mejorar-el-acceso-a-la-justicia-2024\/\" target=\"_blank\" rel=\"noopener\">\u00a0 \u00a0 \u00a0Pr\u00e1cticas Innovadoras para mejorar el acceso a la Justicia<\/a><\/span><\/h3><h3><span style=\"color: #272282;\">\u00a0 \u00a0 \u00a0<a style=\"color: #272282;\" href=\"https:\/\/uigtsj.poderjudicialqro.gob.mx\/index.php\/2024\/05\/20\/proyecto-conoce-al-poder-judicial-2024\/\" target=\"_blank\" rel=\"noopener\">Proyecto \u00abConoce al Poder Judicial\u00bb<\/a><\/span><\/h3><h3><span style=\"color: #272282;\">\u00a0 \u00a0 \u00a0<a style=\"color: #272282;\" href=\"https:\/\/uigtsj.poderjudicialqro.gob.mx\/index.php\/2024\/05\/29\/jornada-de-capacitacion-y-sensibilizacion\/\" target=\"_blank\" rel=\"noopener\">Jornada de Capacitaci\u00f3n y Sensibilizaci\u00f3n: \u00abDerechos Humanos y Perspectiva de G\u00e9nero\u00bb<\/a><\/span><\/h3><h3><span style=\"color: #272282;\">\u00a0 \u00a0 \u00a0<a style=\"color: #272282;\" href=\"https:\/\/uigtsj.poderjudicialqro.gob.mx\/index.php\/2024\/06\/11\/inaguracion-del-lactario-nuevo-palacio-de-justicia\/\" target=\"_blank\" rel=\"noopener\">Inaguraci\u00f3n del Lactario en el Nuevo Palacio de Justicia<\/a><\/span><\/h3>\t\t\t\t\t\t\t\t<\/div>\n\t\t\t\t<\/div>\n\t\t\t\t\t<\/div>\n\t\t<\/div>\n\t\t\t\t\t<\/div>\n\t\t<\/section>\n\t\t\t\t<\/div>\n\t\t","protected":false},"excerpt":{"rendered":"<p>\u00a0 \u00a0 \u00a0Tercer Encuentro Nacional de Unidades de G\u00e9nero de CONATRIB 2024 \u00a0 \u00a0 \u00a0D\u00eda Internacional de la Eliminaci\u00f3n de la Violencia contra la Mujer(25N) \u00a0 \u00a0 \u00a0Actividad de Sensibilizaci\u00f3n y Concientizaci\u00f3n en el Marco del 25N \u00a0 \u00a0 \u00a0Presea Irinea 2024 \u00a0 \u00a0 \u00a0Capacitaci\u00f3n a todo el Poder Judicial en Derechos Humanos e Igualdad &#8230; <a title=\"Actividades 2024\" class=\"read-more\" href=\"https:\/\/uigtsj.poderjudicialqro.gob.mx\/index.php\/actividades-2024\/\" aria-label=\"Leer m\u00e1s sobre Actividades 2024\">Leer m\u00e1s<\/a><\/p>\n","protected":false},"author":1,"featured_media":0,"parent":0,"menu_order":0,"comment_status":"closed","ping_status":"closed","template":"","meta":{"footnotes":""},"class_list":["post-5280","page","type-page","status-publish"],"_links":{"self":[{"href":"https:\/\/uigtsj.poderjudicialqro.gob.mx\/index.php\/wp-json\/wp\/v2\/pages\/5280","targetHints":{"allow":["GET"]}}],"collection":[{"href":"https:\/\/uigtsj.poderjudicialqro.gob.mx\/index.php\/wp-json\/wp\/v2\/pages"}],"about":[{"href":"https:\/\/uigtsj.poderjudicialqro.gob.mx\/index.php\/wp-json\/wp\/v2\/types\/page"}],"author":[{"embeddable":true,"href":"https:\/\/uigtsj.poderjudicialqro.gob.mx\/index.php\/wp-json\/wp\/v2\/users\/1"}],"replies":[{"embeddable":true,"href":"https:\/\/uigtsj.poderjudicialqro.gob.mx\/index.php\/wp-json\/wp\/v2\/comments?post=5280"}],"version-history":[{"count":52,"href":"https:\/\/uigtsj.poderjudicialqro.gob.mx\/index.php\/wp-json\/wp\/v2\/pages\/5280\/revisions"}],"predecessor-version":[{"id":6430,"href":"https:\/\/uigtsj.poderjudicialqro.gob.mx\/index.php\/wp-json\/wp\/v2\/pages\/5280\/revisions\/6430"}],"wp:attachment":[{"href":"https:\/\/uigtsj.poderjudicialqro.gob.mx\/index.php\/wp-json\/wp\/v2\/media?parent=5280"}],"curies":[{"name":"wp","href":"https:\/\/api.w.org\/{rel}","templated":true}]}}