{"id":6500,"date":"2025-03-04T09:41:29","date_gmt":"2025-03-04T15:41:29","guid":{"rendered":"https:\/\/uigtsj.poderjudicialqro.gob.mx\/?page_id=6500"},"modified":"2026-01-08T13:22:09","modified_gmt":"2026-01-08T19:22:09","slug":"actividades-2025","status":"publish","type":"page","link":"https:\/\/uigtsj.poderjudicialqro.gob.mx\/index.php\/actividades-2025\/","title":{"rendered":"Actividades 2025"},"content":{"rendered":"\t\t<div data-elementor-type=\"wp-page\" data-elementor-id=\"6500\" class=\"elementor elementor-6500\">\n\t\t\t\t\t\t<section class=\"elementor-section elementor-top-section elementor-element elementor-element-2d916bd elementor-section-boxed elementor-section-height-default elementor-section-height-default\" data-id=\"2d916bd\" data-element_type=\"section\" data-e-type=\"section\">\n\t\t\t\t\t\t<div class=\"elementor-container elementor-column-gap-default\">\n\t\t\t\t\t<div class=\"elementor-column elementor-col-100 elementor-top-column elementor-element elementor-element-37bca6b\" data-id=\"37bca6b\" data-element_type=\"column\" data-e-type=\"column\">\n\t\t\t<div class=\"elementor-widget-wrap elementor-element-populated\">\n\t\t\t\t\t\t<div class=\"elementor-element elementor-element-8f6d6c4 elementor-widget elementor-widget-text-editor\" data-id=\"8f6d6c4\" data-element_type=\"widget\" data-e-type=\"widget\" data-widget_type=\"text-editor.default\">\n\t\t\t\t<div class=\"elementor-widget-container\">\n\t\t\t\t\t\t\t\t\t<h3><span style=\"color: #272282;\">\u00a0<\/span>\u00a0 \u00a0 <a href=\"https:\/\/uigtsj.poderjudicialqro.gob.mx\/index.php\/2025\/04\/15\/juzgamiento-con-perspectiva-de-genero\/\" target=\"_blank\" rel=\"noopener\"><span style=\"color: #272282;\">Conferencia Magistral &#8211; Juzgamiento con Perspectiva de G\u00e9nero<\/span><\/a><\/h3><h3><span style=\"color: #272282;\">\u00a0 \u00a0 \u00a0<a style=\"color: #272282;\" href=\"https:\/\/uigtsj.poderjudicialqro.gob.mx\/index.php\/2025\/04\/14\/poder-judicial-del-estado-y-la-uaq-se-unen-por-la-salud\/\" target=\"_blank\" rel=\"noopener\">Poder Judicial del Estado y la UAQ se unen por la salud<\/a><\/span><\/h3><h3>\u00a0 \u00a0 \u00a0<a href=\"https:\/\/uigtsj.poderjudicialqro.gob.mx\/index.php\/2025\/03\/04\/radio-uaq-justicia-con-perspectiva-de-genero\/\" target=\"_blank\" rel=\"noopener\"><span style=\"color: #272282;\">Radio UAQ: Justicia con Perspectiva de G\u00e9nero<\/span><\/a><\/h3><h3>\u00a0 \u00a0 <a href=\"https:\/\/uigtsj.poderjudicialqro.gob.mx\/index.php\/2025\/03\/08\/dia-internacional-de-la-mujer\/\" target=\"_blank\" rel=\"noopener\"><span style=\"color: #272282;\">\u00a0D\u00eda Internacional de la Mujer<\/span><\/a>\u00a0<\/h3><h3><span style=\"color: #000000;\">\u00a0 \u00a0<span style=\"color: #272282;\"><a style=\"color: #272282;\" href=\"https:\/\/uigtsj.poderjudicialqro.gob.mx\/index.php\/2025\/06\/04\/cuarta-sesion-ordinara-del-comite-coordinador-para-la-elaboracion-seguimiento-y-evaluacion-del-programa-estatal-de-derechos-humanos-2024-2027\/\" target=\"_blank\" rel=\"noopener\"> \u00a0Cuarta sesi\u00f3n ordinara del Comit\u00e9 Coordinador para la elaboraci\u00f3n, seguimiento y evaluaci\u00f3n del Programa Estatal de Derechos Humanos 2024-2027\u00a0<\/a><\/span><\/span><\/h3><h3><span style=\"color: #000000;\"><span style=\"color: #272282;\"><a style=\"color: #272282;\" href=\"https:\/\/uigtsj.poderjudicialqro.gob.mx\/index.php\/2025\/08\/23\/forestacion-en-ciudad-judicial-queretaro-con-mas-de-500-arboles\/\" target=\"_blank\" rel=\"noopener\">\u00a0 \u00a0 \u00a0Forestaci\u00f3n en Ciudad Judicial Quer\u00e9taro con m\u00e1s de 500 \u00e1rboles<\/a><\/span>\u00a0<\/span><\/h3><h3><span style=\"color: #000000;\"><span style=\"color: #272282;\"><a style=\"color: #272282;\" href=\"https:\/\/uigtsj.poderjudicialqro.gob.mx\/index.php\/2025\/06\/06\/entre-lo-legal-y-lo-justo-obra-de-teatro\/\" target=\"_blank\" rel=\"noopener\">\u00a0 \u00a0 \u201cEntre lo Legal y lo Justo\u201d &#8211; Obra de Teatro\u00a0<\/a><\/span><\/span><\/h3><h3>\u00a0 \u00a0 \u00a0<a href=\"https:\/\/uigtsj.poderjudicialqro.gob.mx\/index.php\/2025\/06\/26\/campana-mexico-sin-tortura\/\" target=\"_blank\" rel=\"noopener\"><span style=\"color: #272282;\">Campa\u00f1a de difusi\u00f3n \u00abM\u00e9xico sin Tortura\u00bb<\/span><\/a><\/h3><h3><span style=\"color: #000000;\">\u00a0 \u00a0 <a href=\"https:\/\/uigtsj.poderjudicialqro.gob.mx\/index.php\/2025\/08\/07\/justicia-cercana\/\" target=\"_blank\" rel=\"noopener\"><span style=\"color: #272282;\">\u00a0Justicia Cercana\u00a0<\/span><\/a><\/span><\/h3><h3><span style=\"color: #000000;\">\u00a0 \u00a0 \u00a0<span style=\"color: #272282;\"><a style=\"color: #272282;\" href=\"https:\/\/uigtsj.poderjudicialqro.gob.mx\/index.php\/2025\/08\/09\/viernes-con-justicia\/\" target=\"_blank\" rel=\"noopener\">Viernes con Justicia<\/a><\/span><\/span><span style=\"color: #000000;\">\u00a0\u00a0<\/span><\/h3><h3><span style=\"color: #000000;\"><span style=\"color: #272282;\"><a style=\"color: #272282;\" href=\"https:\/\/uigtsj.poderjudicialqro.gob.mx\/index.php\/2025\/08\/20\/curso-autogestivo-la-aplicacion-de-la-perspectiva-de-genero-en-la-administracion-e-imparticion-de-justicia\/\" target=\"_blank\" rel=\"noopener\">\u00a0 \u00a0 \u00a0Curso Autogestivo: \u201cLa aplicaci\u00f3n de la Perspectiva de G\u00e9nero en la Administraci\u00f3n e Impartici\u00f3n de Justicia\u201d<\/a><\/span><\/span><\/h3><h3><span style=\"color: #000000;\">\u00a0 \u00a0 \u00a0<span style=\"color: #272282;\"><a style=\"color: #272282;\" href=\"https:\/\/uigtsj.poderjudicialqro.gob.mx\/index.php\/2025\/08\/28\/poder-judicial-presente-en-ley-valeria-para-tipificar-el-acecho-como-delito\/\" target=\"_blank\" rel=\"noopener\">Poder Judicial presente en \u00abLey Valeria\u00bb para tipificar el acecho como delito<\/a><\/span>\u00a0<\/span><\/h3><h3><span style=\"color: #000000;\">\u00a0 \u00a0 \u00a0<a href=\"https:\/\/uigtsj.poderjudicialqro.gob.mx\/index.php\/2025\/09\/09\/conferencia-la-tortura-a-la-luz-de-la-jurisprudencia-de-derechos-humanos-nacional-e-interamericano\/\" target=\"_blank\" rel=\"noopener\"><span style=\"color: #272282;\">Conferencia \u00abLa Tortura, a la luz de la jurisprudencia de Derechos Humanos Nacional e Interamericano\u00bb<\/span><\/a><\/span><\/h3><h3><span style=\"color: #000000;\">\u00a0 \u00a0 \u00a0<span style=\"color: #272282;\"><a style=\"color: #272282;\" href=\"https:\/\/uigtsj.poderjudicialqro.gob.mx\/index.php\/2025\/09\/11\/firma-agenda-conjunta-por-la-alimentacion-de-ninas-ninos-y-adolescentes\/\" target=\"_blank\" rel=\"noopener\">Firma agenda conjunta por la alimentaci\u00f3n de ni\u00f1as, ni\u00f1os y adolescentes\u00a0<\/a><\/span><\/span><\/h3><h3><span style=\"color: #272282;\">\u00a0 \u00a0 \u00a0<a href=\"https:\/\/uigtsj.poderjudicialqro.gob.mx\/index.php\/2025\/10\/08\/unen-esfuerzos-poder-judicial-secretaria-de-las-mujeres-y-uaq-mediante-convenio-de-colaboracion\/\" target=\"_blank\" rel=\"noopener\"><span style=\"color: #272282;\">Unen esfuerzos Poder Judicial, Secretar\u00eda de las Mujeres y UAQ mediante convenio de colaboraci\u00f3n<\/span><\/a><\/span><\/h3><h3><span style=\"color: #272282;\">\u00a0 \u00a0 \u00a0<a style=\"color: #272282;\" href=\"https:\/\/uigtsj.poderjudicialqro.gob.mx\/index.php\/2025\/10\/31\/exposicion-fotografica-de-sensibilizacion-y-concientizacion-en-la-lucha-contra-el-cancer-de-mama\/\" target=\"_blank\" rel=\"noopener\">Exposici\u00f3n fotogr\u00e1fica de sensibilizaci\u00f3n y concientizaci\u00f3n en la lucha contra el c\u00e1ncer de mama<\/a><\/span><\/h3><h3>\u00a0 \u00a0 \u00a0<span style=\"color: #272282;\"><a style=\"color: #272282;\" href=\"https:\/\/uigtsj.poderjudicialqro.gob.mx\/index.php\/2025\/11\/28\/dia-internacional-para-la-eliminacion-de-la-violencia-contra-las-mujeres\/\" target=\"_blank\" rel=\"noopener\">D\u00eda Internacional para la Eliminaci\u00f3n de la Violencia contra las Mujeres<\/a><\/span><\/h3><h3>\u00a0 \u00a0 <span style=\"color: #272282;\">\u00a0<a style=\"color: #272282;\" href=\"https:\/\/uigtsj.poderjudicialqro.gob.mx\/index.php\/2025\/12\/15\/curso-autogestivo-derecho-a-la-igualdad-y-no-discriminacion\/\" target=\"_blank\" rel=\"noopener\">Curso Autogestivo: \u201cDerecho a la Igualdad y No Discriminaci\u00f3n\u201d<\/a><\/span><\/h3>\t\t\t\t\t\t\t\t<\/div>\n\t\t\t\t<\/div>\n\t\t\t\t\t<\/div>\n\t\t<\/div>\n\t\t\t\t\t<\/div>\n\t\t<\/section>\n\t\t\t\t<\/div>\n\t\t","protected":false},"excerpt":{"rendered":"<p>\u00a0\u00a0 \u00a0 Conferencia Magistral &#8211; Juzgamiento con Perspectiva de G\u00e9nero \u00a0 \u00a0 \u00a0Poder Judicial del Estado y la UAQ se unen por la salud \u00a0 \u00a0 \u00a0Radio UAQ: Justicia con Perspectiva de G\u00e9nero \u00a0 \u00a0 \u00a0D\u00eda Internacional de la Mujer\u00a0 \u00a0 \u00a0 \u00a0Cuarta sesi\u00f3n ordinara del Comit\u00e9 Coordinador para la elaboraci\u00f3n, seguimiento y evaluaci\u00f3n del &#8230; <a title=\"Actividades 2025\" class=\"read-more\" href=\"https:\/\/uigtsj.poderjudicialqro.gob.mx\/index.php\/actividades-2025\/\" aria-label=\"Leer m\u00e1s sobre Actividades 2025\">Leer m\u00e1s<\/a><\/p>\n","protected":false},"author":1,"featured_media":0,"parent":0,"menu_order":0,"comment_status":"closed","ping_status":"closed","template":"","meta":{"footnotes":""},"class_list":["post-6500","page","type-page","status-publish"],"_links":{"self":[{"href":"https:\/\/uigtsj.poderjudicialqro.gob.mx\/index.php\/wp-json\/wp\/v2\/pages\/6500","targetHints":{"allow":["GET"]}}],"collection":[{"href":"https:\/\/uigtsj.poderjudicialqro.gob.mx\/index.php\/wp-json\/wp\/v2\/pages"}],"about":[{"href":"https:\/\/uigtsj.poderjudicialqro.gob.mx\/index.php\/wp-json\/wp\/v2\/types\/page"}],"author":[{"embeddable":true,"href":"https:\/\/uigtsj.poderjudicialqro.gob.mx\/index.php\/wp-json\/wp\/v2\/users\/1"}],"replies":[{"embeddable":true,"href":"https:\/\/uigtsj.poderjudicialqro.gob.mx\/index.php\/wp-json\/wp\/v2\/comments?post=6500"}],"version-history":[{"count":103,"href":"https:\/\/uigtsj.poderjudicialqro.gob.mx\/index.php\/wp-json\/wp\/v2\/pages\/6500\/revisions"}],"predecessor-version":[{"id":6914,"href":"https:\/\/uigtsj.poderjudicialqro.gob.mx\/index.php\/wp-json\/wp\/v2\/pages\/6500\/revisions\/6914"}],"wp:attachment":[{"href":"https:\/\/uigtsj.poderjudicialqro.gob.mx\/index.php\/wp-json\/wp\/v2\/media?parent=6500"}],"curies":[{"name":"wp","href":"https:\/\/api.w.org\/{rel}","templated":true}]}}