{"id":867,"date":"2022-06-22T18:46:15","date_gmt":"2022-06-23T00:46:15","guid":{"rendered":"https:\/\/uigtsj.tribunalqro.gob.mx\/?page_id=867"},"modified":"2023-04-25T15:04:52","modified_gmt":"2023-04-25T21:04:52","slug":"protocolos-2","status":"publish","type":"page","link":"https:\/\/uigtsj.poderjudicialqro.gob.mx\/index.php\/protocolos-2\/","title":{"rendered":"Protocolos"},"content":{"rendered":"\t\t<div data-elementor-type=\"wp-page\" data-elementor-id=\"867\" class=\"elementor elementor-867\">\n\t\t\t\t\t\t<section class=\"elementor-section elementor-top-section elementor-element elementor-element-34827ba9 elementor-section-boxed elementor-section-height-default elementor-section-height-default\" data-id=\"34827ba9\" data-element_type=\"section\" data-e-type=\"section\">\n\t\t\t\t\t\t<div class=\"elementor-container elementor-column-gap-default\">\n\t\t\t\t\t<div class=\"elementor-column elementor-col-100 elementor-top-column elementor-element elementor-element-3af851c1\" data-id=\"3af851c1\" data-element_type=\"column\" data-e-type=\"column\">\n\t\t\t<div class=\"elementor-widget-wrap elementor-element-populated\">\n\t\t\t\t\t\t<div class=\"elementor-element elementor-element-e46f1e0 elementor-widget elementor-widget-text-editor\" data-id=\"e46f1e0\" data-element_type=\"widget\" data-e-type=\"widget\" data-widget_type=\"text-editor.default\">\n\t\t\t\t<div class=\"elementor-widget-container\">\n\t\t\t\t\t\t\t\t\t<p><a href=\"https:\/\/uigtsj.tribunalqro.gob.mx\/\">Inicio<\/a> \u00bb <strong style=\"color: #336633;\">Protocolos y Bolet\u00edn<\/strong><\/p>\t\t\t\t\t\t\t\t<\/div>\n\t\t\t\t<\/div>\n\t\t\t\t\t<\/div>\n\t\t<\/div>\n\t\t\t\t\t<\/div>\n\t\t<\/section>\n\t\t\t\t<section class=\"elementor-section elementor-top-section elementor-element elementor-element-2132368 elementor-section-boxed elementor-section-height-default elementor-section-height-default\" data-id=\"2132368\" data-element_type=\"section\" data-e-type=\"section\">\n\t\t\t\t\t\t<div class=\"elementor-container elementor-column-gap-default\">\n\t\t\t\t\t<div class=\"elementor-column elementor-col-100 elementor-top-column elementor-element elementor-element-48a6d3f\" data-id=\"48a6d3f\" data-element_type=\"column\" data-e-type=\"column\">\n\t\t\t<div class=\"elementor-widget-wrap elementor-element-populated\">\n\t\t\t\t\t\t<div class=\"elementor-element elementor-element-70633dc elementor-widget elementor-widget-image\" data-id=\"70633dc\" data-element_type=\"widget\" data-e-type=\"widget\" data-widget_type=\"image.default\">\n\t\t\t\t<div class=\"elementor-widget-container\">\n\t\t\t\t\t\t\t\t\t\t\t\t\t\t\t<img fetchpriority=\"high\" decoding=\"async\" width=\"1997\" height=\"600\" src=\"https:\/\/uigtsj.poderjudicialqro.gob.mx\/wp-content\/uploads\/2022\/09\/manos2_edit.jpg\" class=\"attachment-full size-full wp-image-1353\" alt=\"\" srcset=\"https:\/\/uigtsj.poderjudicialqro.gob.mx\/wp-content\/uploads\/2022\/09\/manos2_edit.jpg 1997w, https:\/\/uigtsj.poderjudicialqro.gob.mx\/wp-content\/uploads\/2022\/09\/manos2_edit-300x90.jpg 300w, https:\/\/uigtsj.poderjudicialqro.gob.mx\/wp-content\/uploads\/2022\/09\/manos2_edit-1024x308.jpg 1024w, https:\/\/uigtsj.poderjudicialqro.gob.mx\/wp-content\/uploads\/2022\/09\/manos2_edit-768x231.jpg 768w, https:\/\/uigtsj.poderjudicialqro.gob.mx\/wp-content\/uploads\/2022\/09\/manos2_edit-1536x461.jpg 1536w\" sizes=\"(max-width: 1997px) 100vw, 1997px\" \/>\t\t\t\t\t\t\t\t\t\t\t\t\t\t\t<\/div>\n\t\t\t\t<\/div>\n\t\t\t\t\t<\/div>\n\t\t<\/div>\n\t\t\t\t\t<\/div>\n\t\t<\/section>\n\t\t\t\t<section class=\"elementor-section elementor-top-section elementor-element elementor-element-5164e5f elementor-section-boxed elementor-section-height-default elementor-section-height-default\" data-id=\"5164e5f\" data-element_type=\"section\" data-e-type=\"section\">\n\t\t\t\t\t\t<div class=\"elementor-container elementor-column-gap-default\">\n\t\t\t\t\t<div class=\"elementor-column elementor-col-50 elementor-top-column elementor-element elementor-element-142aef1\" data-id=\"142aef1\" data-element_type=\"column\" data-e-type=\"column\">\n\t\t\t<div class=\"elementor-widget-wrap elementor-element-populated\">\n\t\t\t\t\t\t<div class=\"elementor-element elementor-element-f71b4dc elementor-widget elementor-widget-text-editor\" data-id=\"f71b4dc\" data-element_type=\"widget\" data-e-type=\"widget\" data-widget_type=\"text-editor.default\">\n\t\t\t\t<div class=\"elementor-widget-container\">\n\t\t\t\t\t\t\t\t\t<h3><strong>Protocolos y Bolet\u00ednes<\/strong><\/h3><ul>\n<\/ul>\t\t\t\t\t\t\t\t<\/div>\n\t\t\t\t<\/div>\n\t\t\t\t\t<\/div>\n\t\t<\/div>\n\t\t\t\t<div class=\"elementor-column elementor-col-50 elementor-top-column elementor-element elementor-element-3cc3c35\" data-id=\"3cc3c35\" data-element_type=\"column\" data-e-type=\"column\">\n\t\t\t<div class=\"elementor-widget-wrap\">\n\t\t\t\t\t\t\t<\/div>\n\t\t<\/div>\n\t\t\t\t\t<\/div>\n\t\t<\/section>\n\t\t\t\t<section class=\"elementor-section elementor-top-section elementor-element elementor-element-b4e3bb2 elementor-section-boxed elementor-section-height-default elementor-section-height-default\" data-id=\"b4e3bb2\" data-element_type=\"section\" data-e-type=\"section\">\n\t\t\t\t\t\t<div class=\"elementor-container elementor-column-gap-wide\">\n\t\t\t\t\t<div class=\"elementor-column elementor-col-50 elementor-top-column elementor-element elementor-element-3cb1c43\" data-id=\"3cb1c43\" data-element_type=\"column\" data-e-type=\"column\">\n\t\t\t<div class=\"elementor-widget-wrap elementor-element-populated\">\n\t\t\t\t\t\t<div class=\"elementor-element elementor-element-46365f3 elementor-widget elementor-widget-text-editor\" data-id=\"46365f3\" data-element_type=\"widget\" data-e-type=\"widget\" data-widget_type=\"text-editor.default\">\n\t\t\t\t<div class=\"elementor-widget-container\">\n\t\t\t\t\t\t\t\t\t<ul><li><a href=\"https:\/\/uigtsj.poderjudicialqro.gob.mx\/wp-content\/uploads\/2020\/02\/1.-Corte-Interamericana-DH.pdf\" target=\"_blank\" rel=\"noreferrer noopener\" aria-label=\" (se abre en una nueva pesta\u00f1a)\">Bolet\u00edn de Jurisprudencia de la Corte Interamericana de Derechos Humanos N\u00famero 6 Mayo-Agosto 2016<\/a><\/li><\/ul><ul><li><a href=\"https:\/\/uigtsj.poderjudicialqro.gob.mx\/wp-content\/uploads\/2020\/02\/2.-Hechos-Constitutivos-Tortura-y-Malos-Tratos.pdf\" target=\"_blank\" rel=\"noreferrer noopener\" aria-label=\" (se abre en una nueva pesta\u00f1a)\">Protocolo de Actuaci\u00f3n en Asuntos que involucren hechos constitutivos de Tortura y Malos Tratos de la Suprema Corte de Justicia de la Naci\u00f3n<\/a><\/li><\/ul><ul><li><a href=\"https:\/\/uigtsj.poderjudicialqro.gob.mx\/wp-content\/uploads\/2020\/02\/3.-Personas-Comunidades-y-Pueblos-Indigenas.pdf\" target=\"_blank\" rel=\"noreferrer noopener\" aria-label=\" (se abre en una nueva pesta\u00f1a)\">Protocolo de Actuaci\u00f3n para quienes imparten Justicia en casos que involucren Derechos de Personas de Comunidades y Pueblos Ind\u00edgenas de la Suprema Corte de Justicia de la Naci\u00f3n<\/a><\/li><\/ul><ul><li><a href=\"https:\/\/uigtsj.poderjudicialqro.gob.mx\/wp-content\/uploads\/2020\/02\/4.-Personas-con-Discapacidad.pdf\" target=\"_blank\" rel=\"noreferrer noopener\" aria-label=\" (se abre en una nueva pesta\u00f1a)\">Protocolo de Actuaci\u00f3n para quienes imparten Justicia en casos que involucren Derechos de Personas con Discapacidad de la Suprema Corte de Justicia de la Naci\u00f3n<\/a><\/li><\/ul><ul><li><a href=\"https:\/\/uigtsj.poderjudicialqro.gob.mx\/wp-content\/uploads\/2020\/02\/5.-Ni%C3%B1as-ni%C3%B1os-y-adolescentes.pdf\" target=\"_blank\" rel=\"noreferrer noopener\" aria-label=\" (se abre en una nueva pesta\u00f1a)\">Protocolo de Actuaci\u00f3n para quienes imparten Justicia en casos que involucren Ni\u00f1as, Ni\u00f1os y Adolescentes de la Suprema Corte de Justicia de la Naci\u00f3n<\/a>\u00a0\u00a0<\/li><\/ul>\t\t\t\t\t\t\t\t<\/div>\n\t\t\t\t<\/div>\n\t\t\t\t\t<\/div>\n\t\t<\/div>\n\t\t\t\t<div class=\"elementor-column elementor-col-50 elementor-top-column elementor-element elementor-element-5b95217\" data-id=\"5b95217\" data-element_type=\"column\" data-e-type=\"column\">\n\t\t\t<div class=\"elementor-widget-wrap elementor-element-populated\">\n\t\t\t\t\t\t<div class=\"elementor-element elementor-element-ca51a37 elementor-widget elementor-widget-text-editor\" data-id=\"ca51a37\" data-element_type=\"widget\" data-e-type=\"widget\" data-widget_type=\"text-editor.default\">\n\t\t\t\t<div class=\"elementor-widget-container\">\n\t\t\t\t\t\t\t\t\t<ul><li><a href=\"https:\/\/uigtsj.poderjudicialqro.gob.mx\/wp-content\/uploads\/2020\/02\/6.-Perspectiva-de-G%C3%A9nero.pdf\" target=\"_blank\" rel=\"noreferrer noopener\" aria-label=\" (se abre en una nueva pesta\u00f1a)\">Protocolo para juzgar con Perspectiva de G\u00e9nero de la Suprema Corte de Justicia de la Naci\u00f3n<\/a><\/li><\/ul><ul><li><a href=\"https:\/\/uigtsj.poderjudicialqro.gob.mx\/wp-content\/uploads\/2020\/03\/7.-Personas-Migrantes-y-sujetas-de-Protecci%C3%B3n-Internacional.pdf\" target=\"_blank\" rel=\"noreferrer noopener\" aria-label=\"Protocolo de Actuaci\u00f3n para quienes imparten Justicia en casos que involucren a Personas Migrantes y sujetas de Protecci\u00f3n Internacional (se abre en una nueva pesta\u00f1a)\">Protocolo de Actuaci\u00f3n para quienes imparten Justicia en casos que involucren a Personas Migrantes y sujetas de Protecci\u00f3n Internacional<\/a><\/li><\/ul><ul><li>Protocolo para la tramitaci\u00f3n, cumplimiento, control y seguimiento de Ordenes de Protecci\u00f3n de v\u00edctimas Mujeres, Ni\u00f1as y Ni\u00f1os\u00a0\u00a0<\/li><\/ul><h3><strong>Cuadernillo de Jurisprudencias de la corte Interamericana de Derechos Humanos<\/strong><\/h3><ul><li><a href=\"https:\/\/uigtsj.poderjudicialqro.gob.mx\/wp-content\/uploads\/2020\/02\/9.-Cuadernillo-de-Jurisprudencias-de-la-corte-Interamericana-de-Derechos-Humanos.pdf\" target=\"_blank\" rel=\"noreferrer noopener\" aria-label=\" (se abre en una nueva pesta\u00f1a)\">Cuadernillo de Jurisprudencias de la Corte Interamericana de Derechos Humanos<\/a><\/li><\/ul>\t\t\t\t\t\t\t\t<\/div>\n\t\t\t\t<\/div>\n\t\t\t\t<div class=\"elementor-element elementor-element-d2b8bed elementor-widget elementor-widget-html\" data-id=\"d2b8bed\" data-element_type=\"widget\" data-e-type=\"widget\" data-widget_type=\"html.default\">\n\t\t\t\t<div class=\"elementor-widget-container\">\n\t\t\t\t\t<style>\n    strong {\n    color: #000000;\n}\n<\/style>\t\t\t\t<\/div>\n\t\t\t\t<\/div>\n\t\t\t\t\t<\/div>\n\t\t<\/div>\n\t\t\t\t\t<\/div>\n\t\t<\/section>\n\t\t\t\t<section class=\"elementor-section elementor-top-section elementor-element elementor-element-7c58729 elementor-section-boxed elementor-section-height-default elementor-section-height-default\" data-id=\"7c58729\" data-element_type=\"section\" data-e-type=\"section\">\n\t\t\t\t\t\t<div class=\"elementor-container elementor-column-gap-default\">\n\t\t\t\t\t<div class=\"elementor-column elementor-col-100 elementor-top-column elementor-element elementor-element-b6aa0a3\" data-id=\"b6aa0a3\" data-element_type=\"column\" data-e-type=\"column\">\n\t\t\t<div class=\"elementor-widget-wrap elementor-element-populated\">\n\t\t\t\t\t\t<div class=\"elementor-element elementor-element-8aff523 elementor-widget elementor-widget-html\" data-id=\"8aff523\" data-element_type=\"widget\" data-e-type=\"widget\" data-widget_type=\"html.default\">\n\t\t\t\t<div class=\"elementor-widget-container\">\n\t\t\t\t\t<style>\n   .elementor-col-50 strong {\n    color: #336633 !important;\n}\n\n.elementor-col-50 a:hover {\n    \n    color: #00482D !important;\n    text-decoration: underline !important;\n}\n\n.elementor-col-50 a {\n    \n    color: #000000 !important;\n   \n}\n.elementor-col-50 em {\n    \n       color: #919191;\n   \n}\n\n\n<\/style>\t\t\t\t<\/div>\n\t\t\t\t<\/div>\n\t\t\t\t\t<\/div>\n\t\t<\/div>\n\t\t\t\t\t<\/div>\n\t\t<\/section>\n\t\t\t\t<\/div>\n\t\t","protected":false},"excerpt":{"rendered":"<p>Inicio \u00bb Protocolos y Bolet\u00edn Protocolos y Bolet\u00ednes Bolet\u00edn de Jurisprudencia de la Corte Interamericana de Derechos Humanos N\u00famero 6 Mayo-Agosto 2016 Protocolo de Actuaci\u00f3n en Asuntos que involucren hechos constitutivos de Tortura y Malos Tratos de la Suprema Corte de Justicia de la Naci\u00f3n Protocolo de Actuaci\u00f3n para quienes imparten Justicia en casos que &#8230; <a title=\"Protocolos\" class=\"read-more\" href=\"https:\/\/uigtsj.poderjudicialqro.gob.mx\/index.php\/protocolos-2\/\" aria-label=\"Leer m\u00e1s sobre Protocolos\">Leer m\u00e1s<\/a><\/p>\n","protected":false},"author":1,"featured_media":0,"parent":0,"menu_order":0,"comment_status":"closed","ping_status":"closed","template":"elementor_header_footer","meta":{"footnotes":""},"class_list":["post-867","page","type-page","status-publish"],"_links":{"self":[{"href":"https:\/\/uigtsj.poderjudicialqro.gob.mx\/index.php\/wp-json\/wp\/v2\/pages\/867","targetHints":{"allow":["GET"]}}],"collection":[{"href":"https:\/\/uigtsj.poderjudicialqro.gob.mx\/index.php\/wp-json\/wp\/v2\/pages"}],"about":[{"href":"https:\/\/uigtsj.poderjudicialqro.gob.mx\/index.php\/wp-json\/wp\/v2\/types\/page"}],"author":[{"embeddable":true,"href":"https:\/\/uigtsj.poderjudicialqro.gob.mx\/index.php\/wp-json\/wp\/v2\/users\/1"}],"replies":[{"embeddable":true,"href":"https:\/\/uigtsj.poderjudicialqro.gob.mx\/index.php\/wp-json\/wp\/v2\/comments?post=867"}],"version-history":[{"count":71,"href":"https:\/\/uigtsj.poderjudicialqro.gob.mx\/index.php\/wp-json\/wp\/v2\/pages\/867\/revisions"}],"predecessor-version":[{"id":2431,"href":"https:\/\/uigtsj.poderjudicialqro.gob.mx\/index.php\/wp-json\/wp\/v2\/pages\/867\/revisions\/2431"}],"wp:attachment":[{"href":"https:\/\/uigtsj.poderjudicialqro.gob.mx\/index.php\/wp-json\/wp\/v2\/media?parent=867"}],"curies":[{"name":"wp","href":"https:\/\/api.w.org\/{rel}","templated":true}]}}